{"id":879,"date":"2021-04-16T14:17:34","date_gmt":"2021-04-16T14:17:34","guid":{"rendered":"https:\/\/www.pcwfrance.com\/?page_id=879"},"modified":"2025-10-22T13:51:55","modified_gmt":"2025-10-22T13:51:55","slug":"full-service-manufacturing","status":"publish","type":"page","link":"https:\/\/www.pcwfrance.com\/fr\/full-service-manufacturing\/","title":{"rendered":"Full Service Manufacturing"},"content":{"rendered":"<div class=\"row wpb_row row-fluid no-row-padding full-width-row no-column-padding thb-arrow-enabled vc_custom_1631623261637 row-has-fill row-o-content-middle row-flex\"><div class=\"wpb_column columns medium-12 thb-dark-column small-12\"><div class=\"vc_column-inner\"><div class=\"wpb_wrapper\"><div class=\"row wpb_row vc_inner row-fluid max_width\"><div class=\"wpb_column columns medium-3 large-6 medium-8 thb-dark-column small-12\"><div class=\"vc_column-inner   vc_custom_1610706390804\"><div class=\"wpb_wrapper\">\t<div id=\"thb-slidetype-69f8b9c530736\" class=\"thb-slidetype\" data-style=\"style1\">\n\t\t\n<h2><span class=\"thb-slidetype-entry\"><span class=\"lines\">Chez PCW, nous avons les connaissances et l'expertise pour fabriquer des parfums, des bougies et des parfums d'ambiance.<\/span><\/span><\/h2>\n\t\t\t<\/div>\n\n\t<div class=\"vc_empty_space\" id=\"thb-empty-space-69f8b9c53091a\"  style=\"height: 10px\" ><span class=\"vc_empty_space_inner\"><\/span><\/div>\n\n\t<div class=\"wpb_text_column wpb_content_element animation fade-in\" >\n\t\t<div class=\"wpb_wrapper\">\n\t\t\t<p><span style=\"font-weight: 400;\">Tout est fabriqu\u00e9 et assembl\u00e9 \u00e0 la main, minutieusement v\u00e9rifi\u00e9 pour une conformit\u00e9 totale.\u00a0<\/span><span style=\"font-weight: 400;\">Cela signifie que nous accordons une attention toute particuli\u00e8re aux d\u00e9tails et que notre assurance qualit\u00e9 est omnipr\u00e9sente. Nous sommes certifi\u00e9s ISO avec une tra\u00e7abilit\u00e9 totale pour garantir que les produits sont en parfait \u00e9tat et correspondent la charte \u00e9tablie.\u00a0<\/span><\/p>\n\n\t\t<\/div>\n\t<\/div>\n<div class=\"vc_empty_space\" id=\"thb-empty-space-69f8b9c530b2b\"  style=\"height: 20px\" ><span class=\"vc_empty_space_inner\"><\/span><\/div>\n\t<a id=\"thb-button-69f8b9c530b84\" class=\"btn style1 large  accent small-radius animation bottom-to-top\" href=\"https:\/\/www.pcwfrance.com\/fr\/contact\/\" target=\"_self\" role=\"button\">\n\t\t<span>Contactez-Nous<\/span>\n\t\t\t<\/a>\n\t\t<div class=\"vc_empty_space\" id=\"thb-empty-space-69f8b9c530c30\"  style=\"height: 40px\" ><span class=\"vc_empty_space_inner\"><\/span><\/div>\n<\/div><\/div><\/div><\/div><\/div><\/div><\/div><div class=\"scroll-bottom light style3\"><div><\/div><\/div><\/div><div class=\"row wpb_row row-fluid vc_custom_1613123848630 row-o-content-middle row-flex\"><div class=\"wpb_column columns medium-6 thb-dark-column small-12\"><div class=\"vc_column-inner\"><div class=\"wpb_wrapper\">\t<div class=\"thb_cascading_images\">\n\t\t\t<figure class=\"cascading_image\">\n\t\t<div class=\"cascading_inner\">\n\t\t\t<img decoding=\"async\" src=\"https:\/\/www.pcwfrance.com\/wp-content\/uploads\/2024\/01\/PCW-Photos-for-Perfumer-Website-9.jpg\" alt=\"\" style=\"transform: translateX(0%) translateY(0%); \" width=\"1080\" class=\"\"\/>\n\t\t<\/div>\n\t<\/figure>\n\t\t<\/div>\n\t<\/div><\/div><\/div><div class=\"wpb_column columns medium-6 thb-dark-column small-12\"><div class=\"vc_column-inner\"><div class=\"wpb_wrapper\"><div class=\"vc_empty_space\" id=\"thb-empty-space-69f8b9c53181e\"  style=\"height: 30px\" ><span class=\"vc_empty_space_inner\"><\/span><\/div>\n\t<div id=\"thb-slidetype-69f8b9c531875\" class=\"thb-slidetype\" data-style=\"style1\">\n\t\t\n<h2><span class=\"thb-slidetype-entry\"><span class=\"lines\">Nous avons constat\u00e9 une augmentation de la demande de production de bougies au cours des deux derni\u00e8res ann\u00e9es.<\/span><\/span><\/h2>\n\t\t\t<\/div>\n\n\t\n\t<div class=\"wpb_text_column wpb_content_element\" >\n\t\t<div class=\"wpb_wrapper\">\n\t\t\t<p>Nous avons \u00e9tendu nos capacit\u00e9s dans ce domaine afin de pouvoir traiter rapidement et efficacement les commandes de production.<\/p>\n<p><span style=\"font-weight: 400;\">Nos \u00e9quipes sp\u00e9cialis\u00e9es en formulation \u00e9valuation et test de parfums, combin\u00e9es \u00e0 notre exp\u00e9rience de production sp\u00e9cifique en bougie nous permettent de proposer \u00e0 nos clients une offre de service compl\u00e8te et performante. <\/span><\/p>\n\n\t\t<\/div>\n\t<\/div>\n<div class=\"vc_empty_space\" id=\"thb-empty-space-69f8b9c531a25\"  style=\"height: 30px\" ><span class=\"vc_empty_space_inner\"><\/span><\/div>\n\t<a id=\"thb-button-69f8b9c531a73\" class=\"btn style1 large  accent small-radius animation bottom-to-top\" href=\"https:\/\/www.pcwfrance.com\/fr\/contact\/\" target=\"_self\" role=\"button\">\n\t\t<span>Contactez-nous<\/span>\n\t\t\t<\/a>\n\t\t<\/div><\/div><\/div><\/div><div class=\"row wpb_row row-fluid swap-on-mobile vc_custom_1619190884958 row-o-content-middle row-flex\"><div class=\"wpb_column columns medium-6 thb-dark-column small-12\"><div class=\"vc_column-inner\"><div class=\"wpb_wrapper\"><div class=\"vc_empty_space\" id=\"thb-empty-space-69f8b9c531f15\"  style=\"height: 30px\" ><span class=\"vc_empty_space_inner\"><\/span><\/div>\n\t<div id=\"thb-slidetype-69f8b9c531f4d\" class=\"thb-slidetype\" data-style=\"style1\">\n\t\t\n<h2><span class=\"thb-slidetype-entry\"><span class=\"lines\">Nous assurons le remplissage et l\u2019assemblage de chaque composant du parfum et de la base.<\/span><\/span><\/h2>\n\t\t\t<\/div>\n\n\t\n\t<div class=\"wpb_text_column wpb_content_element\" >\n\t\t<div class=\"wpb_wrapper\">\n\t\t\t<p><span style=\"font-weight: 400;\">Nous disposons \u00e9galement d'une \u00e9quipe de conception de produits finis, de sorte que tout le mix produit peut \u00eatre pris en charge en interne.<\/span><\/p>\n<p><span style=\"font-weight: 400;\">L\u00e0 encore, tout est v\u00e9rifi\u00e9 minutieusement \u00e0 chaque \u00e9tape afin que les clients soient enti\u00e8rement satisfaits.\n\n\u00c0 chaque \u00e9tape du processus de fabrication les clients sont tenus inform\u00e9s par leur chef de projet afin que la satisfaction soit garantie.\u00a0<\/span><\/p>\n<p><span style=\"font-weight: 400;\">N'h\u00e9sitez pas \u00e0 nous contacter pour d\u00e9marrer un projet.<\/span><\/p>\n\n\t\t<\/div>\n\t<\/div>\n<div class=\"vc_empty_space\" id=\"thb-empty-space-69f8b9c532096\"  style=\"height: 30px\" ><span class=\"vc_empty_space_inner\"><\/span><\/div>\n\t<a id=\"thb-button-69f8b9c5320dd\" class=\"btn style1 large  accent small-radius animation bottom-to-top\" href=\"https:\/\/www.pcwfrance.com\/fr\/contact\/\" target=\"_self\" role=\"button\">\n\t\t<span>Contactez-Nous<\/span>\n\t\t\t<\/a>\n\t\t<\/div><\/div><\/div><div class=\"wpb_column columns medium-6 thb-dark-column small-12\"><div class=\"vc_column-inner\"><div class=\"wpb_wrapper\">\t<div class=\"thb_cascading_images\">\n\t\t\t<figure class=\"cascading_image\">\n\t\t<div class=\"cascading_inner\">\n\t\t\t<img decoding=\"async\" src=\"https:\/\/www.pcwfrance.com\/wp-content\/uploads\/2024\/01\/PCW-Photos-for-Perfumer-Website-10.jpg\" alt=\"\" style=\"transform: translateX(0%) translateY(0%); \" width=\"1080\" class=\"\"\/>\n\t\t<\/div>\n\t<\/figure>\n\t\t<\/div>\n\t<\/div><\/div><\/div><\/div><div class=\"row wpb_row row-fluid full-width-row vc_custom_1619013753465\"><div class=\"wpb_column columns medium-12 thb-dark-column small-12\"><div class=\"vc_column-inner   vc_custom_1522668873478\"><div class=\"wpb_wrapper\">\t<div id=\"thb-freescroll-13\" class=\"thb-freescroll  regular-padding thb-adaptive-height thb-freescroll-images\" data-direction=\"thb-right-to-left\" data-pause=\"\">\n\t\t\n\t\t\t\t\t<figure class=\"small-12 medium-3 columns\">\n\t\t\t\t\t\t\t\t\t\t<img loading=\"lazy\" decoding=\"async\" width=\"550\" height=\"942\" src=\"https:\/\/www.pcwfrance.com\/wp-content\/uploads\/2021\/06\/manufacturing-service-carousel-10-copy-2.jpg\" class=\"\" alt=\"\" srcset=\"https:\/\/www.pcwfrance.com\/wp-content\/uploads\/2021\/06\/manufacturing-service-carousel-10-copy-2.jpg 550w, https:\/\/www.pcwfrance.com\/wp-content\/uploads\/2021\/06\/manufacturing-service-carousel-10-copy-2-175x300.jpg 175w, https:\/\/www.pcwfrance.com\/wp-content\/uploads\/2021\/06\/manufacturing-service-carousel-10-copy-2-380x651.jpg 380w, https:\/\/www.pcwfrance.com\/wp-content\/uploads\/2021\/06\/manufacturing-service-carousel-10-copy-2-190x325.jpg 190w, https:\/\/www.pcwfrance.com\/wp-content\/uploads\/2021\/06\/manufacturing-service-carousel-10-copy-2-20x34.jpg 20w\" sizes=\"auto, (max-width: 550px) 100vw, 550px\" \/>\t\t\t\t\t\t\t\t\t\t<\/figure>\n\t\t\t\t\n\t\t\t\t\t<figure class=\"small-12 medium-3 columns\">\n\t\t\t\t\t\t\t\t\t\t<img loading=\"lazy\" decoding=\"async\" width=\"550\" height=\"942\" src=\"https:\/\/www.pcwfrance.com\/wp-content\/uploads\/2021\/04\/Manufacturing-Carousel-7.jpg\" class=\"\" alt=\"\" srcset=\"https:\/\/www.pcwfrance.com\/wp-content\/uploads\/2021\/04\/Manufacturing-Carousel-7.jpg 550w, https:\/\/www.pcwfrance.com\/wp-content\/uploads\/2021\/04\/Manufacturing-Carousel-7-175x300.jpg 175w, https:\/\/www.pcwfrance.com\/wp-content\/uploads\/2021\/04\/Manufacturing-Carousel-7-380x651.jpg 380w, https:\/\/www.pcwfrance.com\/wp-content\/uploads\/2021\/04\/Manufacturing-Carousel-7-190x325.jpg 190w, https:\/\/www.pcwfrance.com\/wp-content\/uploads\/2021\/04\/Manufacturing-Carousel-7-20x34.jpg 20w\" sizes=\"auto, (max-width: 550px) 100vw, 550px\" \/>\t\t\t\t\t\t\t\t\t\t<\/figure>\n\t\t\t\t\n\t\t\t\t\t<figure class=\"small-12 medium-3 columns\">\n\t\t\t\t\t\t\t\t\t\t<img loading=\"lazy\" decoding=\"async\" width=\"550\" height=\"942\" src=\"https:\/\/www.pcwfrance.com\/wp-content\/uploads\/2021\/06\/Manufacturing-service-carousel-4-copy.jpg\" class=\"\" alt=\"\" srcset=\"https:\/\/www.pcwfrance.com\/wp-content\/uploads\/2021\/06\/Manufacturing-service-carousel-4-copy.jpg 550w, https:\/\/www.pcwfrance.com\/wp-content\/uploads\/2021\/06\/Manufacturing-service-carousel-4-copy-175x300.jpg 175w, https:\/\/www.pcwfrance.com\/wp-content\/uploads\/2021\/06\/Manufacturing-service-carousel-4-copy-380x651.jpg 380w, https:\/\/www.pcwfrance.com\/wp-content\/uploads\/2021\/06\/Manufacturing-service-carousel-4-copy-190x325.jpg 190w, https:\/\/www.pcwfrance.com\/wp-content\/uploads\/2021\/06\/Manufacturing-service-carousel-4-copy-20x34.jpg 20w\" sizes=\"auto, (max-width: 550px) 100vw, 550px\" \/>\t\t\t\t\t\t\t\t\t\t<\/figure>\n\t\t\t\t\n\t\t\t\t\t<figure class=\"small-12 medium-3 columns\">\n\t\t\t\t\t\t\t\t\t\t<img loading=\"lazy\" decoding=\"async\" width=\"550\" height=\"942\" src=\"https:\/\/www.pcwfrance.com\/wp-content\/uploads\/2021\/06\/manufacturing-service-carousel-12-copy-2.jpg\" class=\"\" alt=\"\" srcset=\"https:\/\/www.pcwfrance.com\/wp-content\/uploads\/2021\/06\/manufacturing-service-carousel-12-copy-2.jpg 550w, https:\/\/www.pcwfrance.com\/wp-content\/uploads\/2021\/06\/manufacturing-service-carousel-12-copy-2-175x300.jpg 175w, https:\/\/www.pcwfrance.com\/wp-content\/uploads\/2021\/06\/manufacturing-service-carousel-12-copy-2-380x651.jpg 380w, https:\/\/www.pcwfrance.com\/wp-content\/uploads\/2021\/06\/manufacturing-service-carousel-12-copy-2-190x325.jpg 190w, https:\/\/www.pcwfrance.com\/wp-content\/uploads\/2021\/06\/manufacturing-service-carousel-12-copy-2-20x34.jpg 20w\" sizes=\"auto, (max-width: 550px) 100vw, 550px\" \/>\t\t\t\t\t\t\t\t\t\t<\/figure>\n\t\t\t\t\n\t\t\t\t\t<figure class=\"small-12 medium-3 columns\">\n\t\t\t\t\t\t\t\t\t\t<img loading=\"lazy\" decoding=\"async\" width=\"550\" height=\"942\" src=\"https:\/\/www.pcwfrance.com\/wp-content\/uploads\/2021\/06\/Manufacturing-service-carousel-5-copy-1.jpg\" class=\"\" alt=\"\" srcset=\"https:\/\/www.pcwfrance.com\/wp-content\/uploads\/2021\/06\/Manufacturing-service-carousel-5-copy-1.jpg 550w, https:\/\/www.pcwfrance.com\/wp-content\/uploads\/2021\/06\/Manufacturing-service-carousel-5-copy-1-175x300.jpg 175w, https:\/\/www.pcwfrance.com\/wp-content\/uploads\/2021\/06\/Manufacturing-service-carousel-5-copy-1-380x651.jpg 380w, https:\/\/www.pcwfrance.com\/wp-content\/uploads\/2021\/06\/Manufacturing-service-carousel-5-copy-1-190x325.jpg 190w, https:\/\/www.pcwfrance.com\/wp-content\/uploads\/2021\/06\/Manufacturing-service-carousel-5-copy-1-20x34.jpg 20w\" sizes=\"auto, (max-width: 550px) 100vw, 550px\" \/>\t\t\t\t\t\t\t\t\t\t<\/figure>\n\t\t\t\t\n\t\t\t\t\t<figure class=\"small-12 medium-3 columns\">\n\t\t\t\t\t\t\t\t\t\t<img loading=\"lazy\" decoding=\"async\" width=\"550\" height=\"942\" src=\"https:\/\/www.pcwfrance.com\/wp-content\/uploads\/2021\/04\/manufacturing-service-carousel-3.jpg\" class=\"\" alt=\"\" srcset=\"https:\/\/www.pcwfrance.com\/wp-content\/uploads\/2021\/04\/manufacturing-service-carousel-3.jpg 550w, https:\/\/www.pcwfrance.com\/wp-content\/uploads\/2021\/04\/manufacturing-service-carousel-3-175x300.jpg 175w, https:\/\/www.pcwfrance.com\/wp-content\/uploads\/2021\/04\/manufacturing-service-carousel-3-380x651.jpg 380w, https:\/\/www.pcwfrance.com\/wp-content\/uploads\/2021\/04\/manufacturing-service-carousel-3-190x325.jpg 190w, https:\/\/www.pcwfrance.com\/wp-content\/uploads\/2021\/04\/manufacturing-service-carousel-3-20x34.jpg 20w\" sizes=\"auto, (max-width: 550px) 100vw, 550px\" \/>\t\t\t\t\t\t\t\t\t\t<\/figure>\n\t\t\t\t\n\t\t\t\t\t<figure class=\"small-12 medium-3 columns\">\n\t\t\t\t\t\t\t\t\t\t<img loading=\"lazy\" decoding=\"async\" width=\"550\" height=\"942\" src=\"https:\/\/www.pcwfrance.com\/wp-content\/uploads\/2021\/06\/manufacturing-service-carousel-9-copy.jpg\" class=\"\" alt=\"\" srcset=\"https:\/\/www.pcwfrance.com\/wp-content\/uploads\/2021\/06\/manufacturing-service-carousel-9-copy.jpg 550w, https:\/\/www.pcwfrance.com\/wp-content\/uploads\/2021\/06\/manufacturing-service-carousel-9-copy-175x300.jpg 175w, https:\/\/www.pcwfrance.com\/wp-content\/uploads\/2021\/06\/manufacturing-service-carousel-9-copy-380x651.jpg 380w, https:\/\/www.pcwfrance.com\/wp-content\/uploads\/2021\/06\/manufacturing-service-carousel-9-copy-190x325.jpg 190w, https:\/\/www.pcwfrance.com\/wp-content\/uploads\/2021\/06\/manufacturing-service-carousel-9-copy-20x34.jpg 20w\" sizes=\"auto, (max-width: 550px) 100vw, 550px\" \/>\t\t\t\t\t\t\t\t\t\t<\/figure>\n\t\t\t\t\t<\/div>\n\t<\/div><\/div><\/div><\/div>","protected":false},"excerpt":{"rendered":"At PCW we have the capability and expertise to manufacture fragrances, candles and home scents. Everything is manufactured on a hand assembled production line and\u00a0checked thoroughly for total compliance. This means that we pay very close attention to detail and our quality assurance is guaranteed. We are ISO certified with full traceability to ensure that\u00a0products&hellip;","protected":false},"author":1,"featured_media":0,"parent":0,"menu_order":0,"comment_status":"closed","ping_status":"closed","template":"","meta":{"footnotes":""},"class_list":["post-879","page","type-page","status-publish","hentry"],"yoast_head":"<!-- This site is optimized with the Yoast SEO plugin v26.4 - https:\/\/yoast.com\/wordpress\/plugins\/seo\/ -->\n<title>Full Service Manufacturing - PCW<\/title>\n<meta name=\"description\" content=\"Fragrance products (perfume, candles, diffusers) manufacturing for sur-mesure quality as well as industrial quantities. ISO certified\" \/>\n<meta name=\"robots\" content=\"index, follow, max-snippet:-1, max-image-preview:large, max-video-preview:-1\" \/>\n<link rel=\"canonical\" href=\"https:\/\/www.pcwfrance.com\/fr\/full-service-manufacturing\/\" \/>\n<meta property=\"og:locale\" content=\"fr_FR\" \/>\n<meta property=\"og:type\" content=\"article\" \/>\n<meta property=\"og:title\" content=\"Full Service Manufacturing - PCW\" \/>\n<meta property=\"og:description\" content=\"Fragrance products (perfume, candles, diffusers) manufacturing for sur-mesure quality as well as industrial quantities. ISO certified\" \/>\n<meta property=\"og:url\" content=\"https:\/\/www.pcwfrance.com\/fr\/full-service-manufacturing\/\" \/>\n<meta property=\"og:site_name\" content=\"PCW\" \/>\n<meta property=\"article:publisher\" content=\"https:\/\/www.facebook.com\/pcwfrance\/\" \/>\n<meta property=\"article:modified_time\" content=\"2025-10-22T13:51:55+00:00\" \/>\n<meta name=\"twitter:card\" content=\"summary_large_image\" \/>\n<meta name=\"twitter:label1\" content=\"Dur\u00e9e de lecture estim\u00e9e\" \/>\n\t<meta name=\"twitter:data1\" content=\"2 minutes\" \/>\n<script type=\"application\/ld+json\" class=\"yoast-schema-graph\">{\"@context\":\"https:\/\/schema.org\",\"@graph\":[{\"@type\":\"WebPage\",\"@id\":\"https:\/\/www.pcwfrance.com\/full-service-manufacturing\/\",\"url\":\"https:\/\/www.pcwfrance.com\/full-service-manufacturing\/\",\"name\":\"Full Service Manufacturing - PCW\",\"isPartOf\":{\"@id\":\"https:\/\/www.pcwfrance.com\/#website\"},\"datePublished\":\"2021-04-16T14:17:34+00:00\",\"dateModified\":\"2025-10-22T13:51:55+00:00\",\"description\":\"Fragrance products (perfume, candles, diffusers) manufacturing for sur-mesure quality as well as industrial quantities. ISO certified\",\"breadcrumb\":{\"@id\":\"https:\/\/www.pcwfrance.com\/full-service-manufacturing\/#breadcrumb\"},\"inLanguage\":\"fr-FR\",\"potentialAction\":[{\"@type\":\"ReadAction\",\"target\":[\"https:\/\/www.pcwfrance.com\/full-service-manufacturing\/\"]}]},{\"@type\":\"BreadcrumbList\",\"@id\":\"https:\/\/www.pcwfrance.com\/full-service-manufacturing\/#breadcrumb\",\"itemListElement\":[{\"@type\":\"ListItem\",\"position\":1,\"name\":\"Home\",\"item\":\"https:\/\/www.pcwfrance.com\/\"},{\"@type\":\"ListItem\",\"position\":2,\"name\":\"Full Service Manufacturing\"}]},{\"@type\":\"WebSite\",\"@id\":\"https:\/\/www.pcwfrance.com\/#website\",\"url\":\"https:\/\/www.pcwfrance.com\/\",\"name\":\"PCW\",\"description\":\"PCW is a French-based one-stop perfume house sourcing ingredients across the world\",\"publisher\":{\"@id\":\"https:\/\/www.pcwfrance.com\/#organization\"},\"potentialAction\":[{\"@type\":\"SearchAction\",\"target\":{\"@type\":\"EntryPoint\",\"urlTemplate\":\"https:\/\/www.pcwfrance.com\/?s={search_term_string}\"},\"query-input\":{\"@type\":\"PropertyValueSpecification\",\"valueRequired\":true,\"valueName\":\"search_term_string\"}}],\"inLanguage\":\"fr-FR\"},{\"@type\":\"Organization\",\"@id\":\"https:\/\/www.pcwfrance.com\/#organization\",\"name\":\"PCW\",\"url\":\"https:\/\/www.pcwfrance.com\/\",\"logo\":{\"@type\":\"ImageObject\",\"inLanguage\":\"fr-FR\",\"@id\":\"https:\/\/www.pcwfrance.com\/#\/schema\/logo\/image\/\",\"url\":\"https:\/\/www.pcwfrance.com\/wp-content\/uploads\/2021\/01\/New_Logo_PCW_2018-1.png\",\"contentUrl\":\"https:\/\/www.pcwfrance.com\/wp-content\/uploads\/2021\/01\/New_Logo_PCW_2018-1.png\",\"width\":799,\"height\":490,\"caption\":\"PCW\"},\"image\":{\"@id\":\"https:\/\/www.pcwfrance.com\/#\/schema\/logo\/image\/\"},\"sameAs\":[\"https:\/\/www.facebook.com\/pcwfrance\/\",\"https:\/\/www.instagram.com\/pcwfrance\/?hl=en\",\"https:\/\/www.youtube.com\/channel\/UCpl96v4TiKpaOi3FeePZ_Jw\"]}]}<\/script>\n<!-- \/ Yoast SEO plugin. -->","yoast_head_json":{"title":"Full Service Manufacturing - PCW","description":"Fragrance products (perfume, candles, diffusers) manufacturing for sur-mesure quality as well as industrial quantities. ISO certified","robots":{"index":"index","follow":"follow","max-snippet":"max-snippet:-1","max-image-preview":"max-image-preview:large","max-video-preview":"max-video-preview:-1"},"canonical":"https:\/\/www.pcwfrance.com\/fr\/full-service-manufacturing\/","og_locale":"fr_FR","og_type":"article","og_title":"Full Service Manufacturing - PCW","og_description":"Fragrance products (perfume, candles, diffusers) manufacturing for sur-mesure quality as well as industrial quantities. ISO certified","og_url":"https:\/\/www.pcwfrance.com\/fr\/full-service-manufacturing\/","og_site_name":"PCW","article_publisher":"https:\/\/www.facebook.com\/pcwfrance\/","article_modified_time":"2025-10-22T13:51:55+00:00","twitter_card":"summary_large_image","twitter_misc":{"Dur\u00e9e de lecture estim\u00e9e":"2 minutes"},"schema":{"@context":"https:\/\/schema.org","@graph":[{"@type":"WebPage","@id":"https:\/\/www.pcwfrance.com\/full-service-manufacturing\/","url":"https:\/\/www.pcwfrance.com\/full-service-manufacturing\/","name":"Full Service Manufacturing - PCW","isPartOf":{"@id":"https:\/\/www.pcwfrance.com\/#website"},"datePublished":"2021-04-16T14:17:34+00:00","dateModified":"2025-10-22T13:51:55+00:00","description":"Fragrance products (perfume, candles, diffusers) manufacturing for sur-mesure quality as well as industrial quantities. ISO certified","breadcrumb":{"@id":"https:\/\/www.pcwfrance.com\/full-service-manufacturing\/#breadcrumb"},"inLanguage":"fr-FR","potentialAction":[{"@type":"ReadAction","target":["https:\/\/www.pcwfrance.com\/full-service-manufacturing\/"]}]},{"@type":"BreadcrumbList","@id":"https:\/\/www.pcwfrance.com\/full-service-manufacturing\/#breadcrumb","itemListElement":[{"@type":"ListItem","position":1,"name":"Home","item":"https:\/\/www.pcwfrance.com\/"},{"@type":"ListItem","position":2,"name":"Full Service Manufacturing"}]},{"@type":"WebSite","@id":"https:\/\/www.pcwfrance.com\/#website","url":"https:\/\/www.pcwfrance.com\/","name":"PCW","description":"PCW is a French-based one-stop perfume house sourcing ingredients across the world","publisher":{"@id":"https:\/\/www.pcwfrance.com\/#organization"},"potentialAction":[{"@type":"SearchAction","target":{"@type":"EntryPoint","urlTemplate":"https:\/\/www.pcwfrance.com\/?s={search_term_string}"},"query-input":{"@type":"PropertyValueSpecification","valueRequired":true,"valueName":"search_term_string"}}],"inLanguage":"fr-FR"},{"@type":"Organization","@id":"https:\/\/www.pcwfrance.com\/#organization","name":"PCW","url":"https:\/\/www.pcwfrance.com\/","logo":{"@type":"ImageObject","inLanguage":"fr-FR","@id":"https:\/\/www.pcwfrance.com\/#\/schema\/logo\/image\/","url":"https:\/\/www.pcwfrance.com\/wp-content\/uploads\/2021\/01\/New_Logo_PCW_2018-1.png","contentUrl":"https:\/\/www.pcwfrance.com\/wp-content\/uploads\/2021\/01\/New_Logo_PCW_2018-1.png","width":799,"height":490,"caption":"PCW"},"image":{"@id":"https:\/\/www.pcwfrance.com\/#\/schema\/logo\/image\/"},"sameAs":["https:\/\/www.facebook.com\/pcwfrance\/","https:\/\/www.instagram.com\/pcwfrance\/?hl=en","https:\/\/www.youtube.com\/channel\/UCpl96v4TiKpaOi3FeePZ_Jw"]}]}},"_links":{"self":[{"href":"https:\/\/www.pcwfrance.com\/fr\/wp-json\/wp\/v2\/pages\/879","targetHints":{"allow":["GET"]}}],"collection":[{"href":"https:\/\/www.pcwfrance.com\/fr\/wp-json\/wp\/v2\/pages"}],"about":[{"href":"https:\/\/www.pcwfrance.com\/fr\/wp-json\/wp\/v2\/types\/page"}],"author":[{"embeddable":true,"href":"https:\/\/www.pcwfrance.com\/fr\/wp-json\/wp\/v2\/users\/1"}],"replies":[{"embeddable":true,"href":"https:\/\/www.pcwfrance.com\/fr\/wp-json\/wp\/v2\/comments?post=879"}],"version-history":[{"count":0,"href":"https:\/\/www.pcwfrance.com\/fr\/wp-json\/wp\/v2\/pages\/879\/revisions"}],"wp:attachment":[{"href":"https:\/\/www.pcwfrance.com\/fr\/wp-json\/wp\/v2\/media?parent=879"}],"curies":[{"name":"wp","href":"https:\/\/api.w.org\/{rel}","templated":true}]}}