{"id":539,"date":"2021-03-09T14:35:37","date_gmt":"2021-03-09T14:35:37","guid":{"rendered":"https:\/\/www.pcwfrance.com\/?page_id=539"},"modified":"2021-09-08T09:41:11","modified_gmt":"2021-09-08T09:41:11","slug":"privacy-policy-2","status":"publish","type":"page","link":"https:\/\/www.pcwfrance.com\/fr\/privacy-policy-2\/","title":{"rendered":"Politique de Confidentialit\u00e9"},"content":{"rendered":"<div class=\"row wpb_row row-fluid\"><div class=\"wpb_column columns medium-2 thb-dark-column small-12\"><div class=\"vc_column-inner\"><div class=\"wpb_wrapper\"><\/div><\/div><\/div><div class=\"wpb_column columns medium-8 thb-dark-column small-12\"><div class=\"vc_column-inner\"><div class=\"wpb_wrapper\">\n\t<div class=\"wpb_text_column wpb_content_element\" >\n\t\t<div class=\"wpb_wrapper\">\n\t\t\t<h4>Politique de Confidentialit\u00e9<\/h4>\n<p><b>LAST UPDATED : September 8, 2021\u00a0: PCW, Aromagrasse, 45 Boulevard Marcel Pagnol, 06130 Grasse, France. <\/b><\/p>\n\n\t\t<\/div>\n\t<\/div>\n\n\t<div class=\"wpb_text_column wpb_content_element\" >\n\t\t<div class=\"wpb_wrapper\">\n\t\t\t<p><span style=\"font-weight: 400;\">PCW collecte vos donn\u00e9es personnelles si vous vous inscrivez \u00e0 notre newsletter. Ces donn\u00e9es sont n\u00e9cessaires pour nos communications. Elles comprennent vos coordonn\u00e9es, adresse, email et num\u00e9ros de t\u00e9l\u00e9phone. Elles sont susceptibles d'\u00eatre transmises \u00e0 des soci\u00e9t\u00e9s.\u00a0<\/span><\/p>\n<p><span style=\"font-weight: 400;\">PCW utilise les donn\u00e9es collect\u00e9es \u00e0 diverses fins pour :<\/span><\/p>\n<ul>\n<li style=\"font-weight: 400;\" aria-level=\"1\"><span style=\"font-weight: 400;\">proposer des services<\/span><\/li>\n<li style=\"font-weight: 400;\" aria-level=\"1\"><span style=\"font-weight: 400;\">fournir un suivi apr\u00e8s un contact<\/span><\/li>\n<li style=\"font-weight: 400;\" aria-level=\"1\"><span style=\"font-weight: 400;\">recueillir des analyses ou des informations pr\u00e9cieuses afin d'am\u00e9liorer nos services<\/span><\/li>\n<li style=\"font-weight: 400;\" aria-level=\"1\"><span style=\"font-weight: 400;\">recueillir des analyses ou des informations pr\u00e9cieuses afin d'am\u00e9liorer nos services<\/span><\/li>\n<li style=\"font-weight: 400;\" aria-level=\"1\"><span style=\"font-weight: 400;\">d\u00e9tecter, pr\u00e9venir et r\u00e9soudre des probl\u00e8mes techniques.<\/span><\/li>\n<\/ul>\n<p><span style=\"font-weight: 400;\">PCW, se r\u00e9serve le droit d'implanter des cookies dans l'ordinateur des visiteurs de son site internet. Un cookie ne nous permet pas de vous identifier. De mani\u00e8re g\u00e9n\u00e9rale, un cookie enregistre des informations relatives \u00e0 la navigation de votre ordinateur sur notre site (les pages que vous avez consult\u00e9es, la date et l'heure de la consultation, etc.) que nous pourrons lire lors de vos visites ult\u00e9rieures. En l'esp\u00e8ce, il contient les informations que vous  nous fournissez.<\/span><\/p>\n<p><span style=\"font-weight: 400;\">Conform\u00e9ment \u00e0 la loi \"Informatique et Libert\u00e9s\" n\u00b0 78-17 du 6 janvier 1978, l'Acheteur dispose d'un droit d'acc\u00e8s, de rectification, d'opposition et de suppression aux donn\u00e9es le concernant aupr\u00e8s PCW.\u00a0\n\u00c0 cette fin, vous pouvez simplement nous \u00e9crire \u00e0 PCW, Aromagrasse, 45 Boulevard Marcel Pagnol, 06130, Grasse, France. Vous devez indiquer votre pr\u00e9nom, votre nom, votre adresse \u00e9lectronique et votre adresse postale.<\/span><\/p>\n<p><span style=\"font-weight: 400;\">Si vous ne souhaitez plus recevoir notre newsletter \u00e0 laquelle vous vous \u00eates inscrit, vous pouvez \u00e0 tout moment demander votre d\u00e9sinscription \u00e0 l'adresse <\/span><a href=\"mailto:info@pcwfrance.com\"><span style=\"font-weight: 400;\">info@pcwfrance.com<\/span><\/a><span style=\"font-weight: 400;\"> en envoyant un courriel pr\u00e9cisant votre demande.\u00a0<\/span><\/p>\n<p><span style=\"font-weight: 400;\">PCW ne conservera vos donn\u00e9es personnelles que le temps n\u00e9cessaire aux fins \u00e9nonc\u00e9es dans la pr\u00e9sente politique de confidentialit\u00e9.<\/span><\/p>\n<p><span style=\"font-weight: 400;\">Your data remains secure and will not be sold by third parties.<\/span><span style=\"font-weight: 400;\"> Les donn\u00e9es personnelles \u00a0ne seront en aucun cas vendues.\u00a0<\/span><\/p>\n<p><b>PCW CONSERVERA ET UTILISERA VOS INFORMATIONS DANS LA MESURE N\u00c9CESSAIRE POUR SE CONFORMER \u00c0 SES OBLIGATIONS L\u00c9GALES, R\u00c9SOUDRE LES LITIGES ET APPLIQUER SES POLITIQUES.<\/b><\/p>\n\n\t\t<\/div>\n\t<\/div>\n<\/div><\/div><\/div><div class=\"wpb_column columns medium-2 thb-dark-column small-12\"><div class=\"vc_column-inner\"><div class=\"wpb_wrapper\"><\/div><\/div><\/div><\/div>","protected":false},"excerpt":{"rendered":"Privacy Policy LAST UPDATED : September 8, 2021\u00a0: PCW, Aromagrasse, 45 Boulevard Marcel Pagnol, 06130 Grasse, France. PCW collects personal data if you sign up to our newsletter. This data is necessary to send you communications. This data includes contact details, address, email and phone numbers. This data may be transmitted to companies that contribute&hellip;","protected":false},"author":1,"featured_media":0,"parent":0,"menu_order":0,"comment_status":"closed","ping_status":"closed","template":"","meta":{"footnotes":""},"class_list":["post-539","page","type-page","status-publish","hentry"],"yoast_head":"<!-- This site is optimized with the Yoast SEO plugin v26.4 - https:\/\/yoast.com\/wordpress\/plugins\/seo\/ -->\n<title>Privacy Policy - PCW<\/title>\n<meta name=\"robots\" content=\"index, follow, max-snippet:-1, max-image-preview:large, max-video-preview:-1\" \/>\n<link rel=\"canonical\" href=\"https:\/\/www.pcwfrance.com\/fr\/privacy-policy-2\/\" \/>\n<meta property=\"og:locale\" content=\"fr_FR\" \/>\n<meta property=\"og:type\" content=\"article\" \/>\n<meta property=\"og:title\" content=\"Privacy Policy - PCW\" \/>\n<meta property=\"og:url\" content=\"https:\/\/www.pcwfrance.com\/fr\/privacy-policy-2\/\" \/>\n<meta property=\"og:site_name\" content=\"PCW\" \/>\n<meta property=\"article:publisher\" content=\"https:\/\/www.facebook.com\/pcwfrance\/\" \/>\n<meta property=\"article:modified_time\" content=\"2021-09-08T09:41:11+00:00\" \/>\n<meta name=\"twitter:card\" content=\"summary_large_image\" \/>\n<meta name=\"twitter:label1\" content=\"Dur\u00e9e de lecture estim\u00e9e\" \/>\n\t<meta name=\"twitter:data1\" content=\"2 minutes\" \/>\n<script type=\"application\/ld+json\" class=\"yoast-schema-graph\">{\"@context\":\"https:\/\/schema.org\",\"@graph\":[{\"@type\":\"WebPage\",\"@id\":\"https:\/\/www.pcwfrance.com\/privacy-policy-2\/\",\"url\":\"https:\/\/www.pcwfrance.com\/privacy-policy-2\/\",\"name\":\"Privacy Policy - PCW\",\"isPartOf\":{\"@id\":\"https:\/\/www.pcwfrance.com\/#website\"},\"datePublished\":\"2021-03-09T14:35:37+00:00\",\"dateModified\":\"2021-09-08T09:41:11+00:00\",\"breadcrumb\":{\"@id\":\"https:\/\/www.pcwfrance.com\/privacy-policy-2\/#breadcrumb\"},\"inLanguage\":\"fr-FR\",\"potentialAction\":[{\"@type\":\"ReadAction\",\"target\":[\"https:\/\/www.pcwfrance.com\/privacy-policy-2\/\"]}]},{\"@type\":\"BreadcrumbList\",\"@id\":\"https:\/\/www.pcwfrance.com\/privacy-policy-2\/#breadcrumb\",\"itemListElement\":[{\"@type\":\"ListItem\",\"position\":1,\"name\":\"Home\",\"item\":\"https:\/\/www.pcwfrance.com\/\"},{\"@type\":\"ListItem\",\"position\":2,\"name\":\"Privacy Policy\"}]},{\"@type\":\"WebSite\",\"@id\":\"https:\/\/www.pcwfrance.com\/#website\",\"url\":\"https:\/\/www.pcwfrance.com\/\",\"name\":\"PCW\",\"description\":\"PCW is a French-based one-stop perfume house sourcing ingredients across the world\",\"publisher\":{\"@id\":\"https:\/\/www.pcwfrance.com\/#organization\"},\"potentialAction\":[{\"@type\":\"SearchAction\",\"target\":{\"@type\":\"EntryPoint\",\"urlTemplate\":\"https:\/\/www.pcwfrance.com\/?s={search_term_string}\"},\"query-input\":{\"@type\":\"PropertyValueSpecification\",\"valueRequired\":true,\"valueName\":\"search_term_string\"}}],\"inLanguage\":\"fr-FR\"},{\"@type\":\"Organization\",\"@id\":\"https:\/\/www.pcwfrance.com\/#organization\",\"name\":\"PCW\",\"url\":\"https:\/\/www.pcwfrance.com\/\",\"logo\":{\"@type\":\"ImageObject\",\"inLanguage\":\"fr-FR\",\"@id\":\"https:\/\/www.pcwfrance.com\/#\/schema\/logo\/image\/\",\"url\":\"https:\/\/www.pcwfrance.com\/wp-content\/uploads\/2021\/01\/New_Logo_PCW_2018-1.png\",\"contentUrl\":\"https:\/\/www.pcwfrance.com\/wp-content\/uploads\/2021\/01\/New_Logo_PCW_2018-1.png\",\"width\":799,\"height\":490,\"caption\":\"PCW\"},\"image\":{\"@id\":\"https:\/\/www.pcwfrance.com\/#\/schema\/logo\/image\/\"},\"sameAs\":[\"https:\/\/www.facebook.com\/pcwfrance\/\",\"https:\/\/www.instagram.com\/pcwfrance\/?hl=en\",\"https:\/\/www.youtube.com\/channel\/UCpl96v4TiKpaOi3FeePZ_Jw\"]}]}<\/script>\n<!-- \/ Yoast SEO plugin. -->","yoast_head_json":{"title":"Privacy Policy - PCW","robots":{"index":"index","follow":"follow","max-snippet":"max-snippet:-1","max-image-preview":"max-image-preview:large","max-video-preview":"max-video-preview:-1"},"canonical":"https:\/\/www.pcwfrance.com\/fr\/privacy-policy-2\/","og_locale":"fr_FR","og_type":"article","og_title":"Privacy Policy - PCW","og_url":"https:\/\/www.pcwfrance.com\/fr\/privacy-policy-2\/","og_site_name":"PCW","article_publisher":"https:\/\/www.facebook.com\/pcwfrance\/","article_modified_time":"2021-09-08T09:41:11+00:00","twitter_card":"summary_large_image","twitter_misc":{"Dur\u00e9e de lecture estim\u00e9e":"2 minutes"},"schema":{"@context":"https:\/\/schema.org","@graph":[{"@type":"WebPage","@id":"https:\/\/www.pcwfrance.com\/privacy-policy-2\/","url":"https:\/\/www.pcwfrance.com\/privacy-policy-2\/","name":"Privacy Policy - PCW","isPartOf":{"@id":"https:\/\/www.pcwfrance.com\/#website"},"datePublished":"2021-03-09T14:35:37+00:00","dateModified":"2021-09-08T09:41:11+00:00","breadcrumb":{"@id":"https:\/\/www.pcwfrance.com\/privacy-policy-2\/#breadcrumb"},"inLanguage":"fr-FR","potentialAction":[{"@type":"ReadAction","target":["https:\/\/www.pcwfrance.com\/privacy-policy-2\/"]}]},{"@type":"BreadcrumbList","@id":"https:\/\/www.pcwfrance.com\/privacy-policy-2\/#breadcrumb","itemListElement":[{"@type":"ListItem","position":1,"name":"Home","item":"https:\/\/www.pcwfrance.com\/"},{"@type":"ListItem","position":2,"name":"Privacy Policy"}]},{"@type":"WebSite","@id":"https:\/\/www.pcwfrance.com\/#website","url":"https:\/\/www.pcwfrance.com\/","name":"PCW","description":"PCW is a French-based one-stop perfume house sourcing ingredients across the world","publisher":{"@id":"https:\/\/www.pcwfrance.com\/#organization"},"potentialAction":[{"@type":"SearchAction","target":{"@type":"EntryPoint","urlTemplate":"https:\/\/www.pcwfrance.com\/?s={search_term_string}"},"query-input":{"@type":"PropertyValueSpecification","valueRequired":true,"valueName":"search_term_string"}}],"inLanguage":"fr-FR"},{"@type":"Organization","@id":"https:\/\/www.pcwfrance.com\/#organization","name":"PCW","url":"https:\/\/www.pcwfrance.com\/","logo":{"@type":"ImageObject","inLanguage":"fr-FR","@id":"https:\/\/www.pcwfrance.com\/#\/schema\/logo\/image\/","url":"https:\/\/www.pcwfrance.com\/wp-content\/uploads\/2021\/01\/New_Logo_PCW_2018-1.png","contentUrl":"https:\/\/www.pcwfrance.com\/wp-content\/uploads\/2021\/01\/New_Logo_PCW_2018-1.png","width":799,"height":490,"caption":"PCW"},"image":{"@id":"https:\/\/www.pcwfrance.com\/#\/schema\/logo\/image\/"},"sameAs":["https:\/\/www.facebook.com\/pcwfrance\/","https:\/\/www.instagram.com\/pcwfrance\/?hl=en","https:\/\/www.youtube.com\/channel\/UCpl96v4TiKpaOi3FeePZ_Jw"]}]}},"_links":{"self":[{"href":"https:\/\/www.pcwfrance.com\/fr\/wp-json\/wp\/v2\/pages\/539","targetHints":{"allow":["GET"]}}],"collection":[{"href":"https:\/\/www.pcwfrance.com\/fr\/wp-json\/wp\/v2\/pages"}],"about":[{"href":"https:\/\/www.pcwfrance.com\/fr\/wp-json\/wp\/v2\/types\/page"}],"author":[{"embeddable":true,"href":"https:\/\/www.pcwfrance.com\/fr\/wp-json\/wp\/v2\/users\/1"}],"replies":[{"embeddable":true,"href":"https:\/\/www.pcwfrance.com\/fr\/wp-json\/wp\/v2\/comments?post=539"}],"version-history":[{"count":0,"href":"https:\/\/www.pcwfrance.com\/fr\/wp-json\/wp\/v2\/pages\/539\/revisions"}],"wp:attachment":[{"href":"https:\/\/www.pcwfrance.com\/fr\/wp-json\/wp\/v2\/media?parent=539"}],"curies":[{"name":"wp","href":"https:\/\/api.w.org\/{rel}","templated":true}]}}