{"id":535,"date":"2021-03-09T14:32:25","date_gmt":"2021-03-09T14:32:25","guid":{"rendered":"https:\/\/www.pcwfrance.com\/?page_id=535"},"modified":"2021-09-08T09:52:05","modified_gmt":"2021-09-08T09:52:05","slug":"terms-and-conditions","status":"publish","type":"page","link":"https:\/\/www.pcwfrance.com\/fr\/terms-and-conditions\/","title":{"rendered":"Mentions L\u00e9gales"},"content":{"rendered":"<div class=\"row wpb_row row-fluid\"><div class=\"wpb_column columns medium-2 thb-dark-column small-12\"><div class=\"vc_column-inner\"><div class=\"wpb_wrapper\"><\/div><\/div><\/div><div class=\"wpb_column columns medium-8 thb-dark-column small-12\"><div class=\"vc_column-inner\"><div class=\"wpb_wrapper\">\n\t<div class=\"wpb_text_column wpb_content_element\" >\n\t\t<div class=\"wpb_wrapper\">\n\t\t\t<h4>Mentions L\u00e9gales<\/h4>\n\n\t\t<\/div>\n\t<\/div>\n\n\t<div class=\"wpb_text_column wpb_content_element\" >\n\t\t<div class=\"wpb_wrapper\">\n\t\t\t<p><span style=\"font-weight: 400;\">PCW\u00a0<\/span><\/p>\n<p><span style=\"font-weight: 400;\">45 Boulevard Marcel PAGNOL<\/span><\/p>\n<p><span style=\"font-weight: 400;\">Parc Aromagrasse<\/span><\/p>\n<p><span style=\"font-weight: 400;\">06130 GRASSE<\/span><\/p>\n<p><span style=\"font-weight: 400;\">FRANCE\u00a0<\/span><\/p>\n<p><span style=\"font-weight: 400;\">Siren : 337 530 372 00057\u00a0\u00a0<\/span><\/p>\n<p><span style=\"font-weight: 400;\">SAS  au capital de 250000 Euros\u00a0<\/span><\/p>\n<p><span style=\"font-weight: 400;\">Num\u00e9ro individuel de TVA: FR77 337 530 372<\/span><\/p>\n<p><span style=\"font-weight: 400;\">Le contenu du site Web de PCW reste la propri\u00e9t\u00e9 exclusive de PCW.\u00a0 Il est interdit de  modifier, t\u00e9l\u00e9charger, reproduire ou copier tout ou partie du site ou de son contenu.\u00a0\u00a0<\/span><\/p>\n<p><span style=\"font-weight: 400;\">Cela s'applique \u00e9galement \u00e0 toute combinaison ou en conjonction avec toute autre marque, symbole, logo et, plus g\u00e9n\u00e9ralement, tout signe distinctif destin\u00e9 \u00e0 former un logo composite.<\/span><\/p>\n<p><span style=\"font-weight: 400;\">PCW conserve les droits de propri\u00e9t\u00e9 intellectuelle sur le site li\u00e9s notamment aux logos, photographies et vid\u00e9os.\u00a0<\/span><\/p>\n\n\t\t<\/div>\n\t<\/div>\n<\/div><\/div><\/div><div class=\"wpb_column columns medium-2 thb-dark-column small-12\"><div class=\"vc_column-inner\"><div class=\"wpb_wrapper\"><\/div><\/div><\/div><\/div>","protected":false},"excerpt":{"rendered":"Legal Mentions - Terms and Conditions PCW\u00a0 45 Boulevard Marcel PAGNOL Parc Aromagrasse 06130 GRASSE FRANCE\u00a0 Siren : 337 530 372 00057\u00a0\u00a0 SAS \u00a0with capital of 250000 Euros\u00a0 TVA (VAT) Number : FR77 337 530 372 The PCW website content remains the exclusive property of PCW. \u00a0It is forbidden to modify, download, reproduce, or copy&hellip;","protected":false},"author":1,"featured_media":0,"parent":0,"menu_order":0,"comment_status":"closed","ping_status":"closed","template":"","meta":{"footnotes":""},"class_list":["post-535","page","type-page","status-publish","hentry"],"yoast_head":"<!-- This site is optimized with the Yoast SEO plugin v26.4 - https:\/\/yoast.com\/wordpress\/plugins\/seo\/ -->\n<title>Legal Mentions - Terms and Conditions - PCW<\/title>\n<meta name=\"robots\" content=\"index, follow, max-snippet:-1, max-image-preview:large, max-video-preview:-1\" \/>\n<link rel=\"canonical\" href=\"https:\/\/www.pcwfrance.com\/fr\/terms-and-conditions\/\" \/>\n<meta property=\"og:locale\" content=\"fr_FR\" \/>\n<meta property=\"og:type\" content=\"article\" \/>\n<meta property=\"og:title\" content=\"Legal Mentions - Terms and Conditions - PCW\" \/>\n<meta property=\"og:url\" content=\"https:\/\/www.pcwfrance.com\/fr\/terms-and-conditions\/\" \/>\n<meta property=\"og:site_name\" content=\"PCW\" \/>\n<meta property=\"article:publisher\" content=\"https:\/\/www.facebook.com\/pcwfrance\/\" \/>\n<meta property=\"article:modified_time\" content=\"2021-09-08T09:52:05+00:00\" \/>\n<meta name=\"twitter:card\" content=\"summary_large_image\" \/>\n<meta name=\"twitter:label1\" content=\"Dur\u00e9e de lecture estim\u00e9e\" \/>\n\t<meta name=\"twitter:data1\" content=\"1 minute\" \/>\n<script type=\"application\/ld+json\" class=\"yoast-schema-graph\">{\"@context\":\"https:\/\/schema.org\",\"@graph\":[{\"@type\":\"WebPage\",\"@id\":\"https:\/\/www.pcwfrance.com\/terms-and-conditions\/\",\"url\":\"https:\/\/www.pcwfrance.com\/terms-and-conditions\/\",\"name\":\"Legal Mentions - Terms and Conditions - PCW\",\"isPartOf\":{\"@id\":\"https:\/\/www.pcwfrance.com\/#website\"},\"datePublished\":\"2021-03-09T14:32:25+00:00\",\"dateModified\":\"2021-09-08T09:52:05+00:00\",\"breadcrumb\":{\"@id\":\"https:\/\/www.pcwfrance.com\/terms-and-conditions\/#breadcrumb\"},\"inLanguage\":\"fr-FR\",\"potentialAction\":[{\"@type\":\"ReadAction\",\"target\":[\"https:\/\/www.pcwfrance.com\/terms-and-conditions\/\"]}]},{\"@type\":\"BreadcrumbList\",\"@id\":\"https:\/\/www.pcwfrance.com\/terms-and-conditions\/#breadcrumb\",\"itemListElement\":[{\"@type\":\"ListItem\",\"position\":1,\"name\":\"Home\",\"item\":\"https:\/\/www.pcwfrance.com\/\"},{\"@type\":\"ListItem\",\"position\":2,\"name\":\"Legal Mentions &#8211; Terms and Conditions\"}]},{\"@type\":\"WebSite\",\"@id\":\"https:\/\/www.pcwfrance.com\/#website\",\"url\":\"https:\/\/www.pcwfrance.com\/\",\"name\":\"PCW\",\"description\":\"PCW is a French-based one-stop perfume house sourcing ingredients across the world\",\"publisher\":{\"@id\":\"https:\/\/www.pcwfrance.com\/#organization\"},\"potentialAction\":[{\"@type\":\"SearchAction\",\"target\":{\"@type\":\"EntryPoint\",\"urlTemplate\":\"https:\/\/www.pcwfrance.com\/?s={search_term_string}\"},\"query-input\":{\"@type\":\"PropertyValueSpecification\",\"valueRequired\":true,\"valueName\":\"search_term_string\"}}],\"inLanguage\":\"fr-FR\"},{\"@type\":\"Organization\",\"@id\":\"https:\/\/www.pcwfrance.com\/#organization\",\"name\":\"PCW\",\"url\":\"https:\/\/www.pcwfrance.com\/\",\"logo\":{\"@type\":\"ImageObject\",\"inLanguage\":\"fr-FR\",\"@id\":\"https:\/\/www.pcwfrance.com\/#\/schema\/logo\/image\/\",\"url\":\"https:\/\/www.pcwfrance.com\/wp-content\/uploads\/2021\/01\/New_Logo_PCW_2018-1.png\",\"contentUrl\":\"https:\/\/www.pcwfrance.com\/wp-content\/uploads\/2021\/01\/New_Logo_PCW_2018-1.png\",\"width\":799,\"height\":490,\"caption\":\"PCW\"},\"image\":{\"@id\":\"https:\/\/www.pcwfrance.com\/#\/schema\/logo\/image\/\"},\"sameAs\":[\"https:\/\/www.facebook.com\/pcwfrance\/\",\"https:\/\/www.instagram.com\/pcwfrance\/?hl=en\",\"https:\/\/www.youtube.com\/channel\/UCpl96v4TiKpaOi3FeePZ_Jw\"]}]}<\/script>\n<!-- \/ Yoast SEO plugin. -->","yoast_head_json":{"title":"Legal Mentions - Terms and Conditions - PCW","robots":{"index":"index","follow":"follow","max-snippet":"max-snippet:-1","max-image-preview":"max-image-preview:large","max-video-preview":"max-video-preview:-1"},"canonical":"https:\/\/www.pcwfrance.com\/fr\/terms-and-conditions\/","og_locale":"fr_FR","og_type":"article","og_title":"Legal Mentions - Terms and Conditions - PCW","og_url":"https:\/\/www.pcwfrance.com\/fr\/terms-and-conditions\/","og_site_name":"PCW","article_publisher":"https:\/\/www.facebook.com\/pcwfrance\/","article_modified_time":"2021-09-08T09:52:05+00:00","twitter_card":"summary_large_image","twitter_misc":{"Dur\u00e9e de lecture estim\u00e9e":"1 minute"},"schema":{"@context":"https:\/\/schema.org","@graph":[{"@type":"WebPage","@id":"https:\/\/www.pcwfrance.com\/terms-and-conditions\/","url":"https:\/\/www.pcwfrance.com\/terms-and-conditions\/","name":"Legal Mentions - Terms and Conditions - PCW","isPartOf":{"@id":"https:\/\/www.pcwfrance.com\/#website"},"datePublished":"2021-03-09T14:32:25+00:00","dateModified":"2021-09-08T09:52:05+00:00","breadcrumb":{"@id":"https:\/\/www.pcwfrance.com\/terms-and-conditions\/#breadcrumb"},"inLanguage":"fr-FR","potentialAction":[{"@type":"ReadAction","target":["https:\/\/www.pcwfrance.com\/terms-and-conditions\/"]}]},{"@type":"BreadcrumbList","@id":"https:\/\/www.pcwfrance.com\/terms-and-conditions\/#breadcrumb","itemListElement":[{"@type":"ListItem","position":1,"name":"Home","item":"https:\/\/www.pcwfrance.com\/"},{"@type":"ListItem","position":2,"name":"Legal Mentions &#8211; Terms and Conditions"}]},{"@type":"WebSite","@id":"https:\/\/www.pcwfrance.com\/#website","url":"https:\/\/www.pcwfrance.com\/","name":"PCW","description":"PCW is a French-based one-stop perfume house sourcing ingredients across the world","publisher":{"@id":"https:\/\/www.pcwfrance.com\/#organization"},"potentialAction":[{"@type":"SearchAction","target":{"@type":"EntryPoint","urlTemplate":"https:\/\/www.pcwfrance.com\/?s={search_term_string}"},"query-input":{"@type":"PropertyValueSpecification","valueRequired":true,"valueName":"search_term_string"}}],"inLanguage":"fr-FR"},{"@type":"Organization","@id":"https:\/\/www.pcwfrance.com\/#organization","name":"PCW","url":"https:\/\/www.pcwfrance.com\/","logo":{"@type":"ImageObject","inLanguage":"fr-FR","@id":"https:\/\/www.pcwfrance.com\/#\/schema\/logo\/image\/","url":"https:\/\/www.pcwfrance.com\/wp-content\/uploads\/2021\/01\/New_Logo_PCW_2018-1.png","contentUrl":"https:\/\/www.pcwfrance.com\/wp-content\/uploads\/2021\/01\/New_Logo_PCW_2018-1.png","width":799,"height":490,"caption":"PCW"},"image":{"@id":"https:\/\/www.pcwfrance.com\/#\/schema\/logo\/image\/"},"sameAs":["https:\/\/www.facebook.com\/pcwfrance\/","https:\/\/www.instagram.com\/pcwfrance\/?hl=en","https:\/\/www.youtube.com\/channel\/UCpl96v4TiKpaOi3FeePZ_Jw"]}]}},"_links":{"self":[{"href":"https:\/\/www.pcwfrance.com\/fr\/wp-json\/wp\/v2\/pages\/535","targetHints":{"allow":["GET"]}}],"collection":[{"href":"https:\/\/www.pcwfrance.com\/fr\/wp-json\/wp\/v2\/pages"}],"about":[{"href":"https:\/\/www.pcwfrance.com\/fr\/wp-json\/wp\/v2\/types\/page"}],"author":[{"embeddable":true,"href":"https:\/\/www.pcwfrance.com\/fr\/wp-json\/wp\/v2\/users\/1"}],"replies":[{"embeddable":true,"href":"https:\/\/www.pcwfrance.com\/fr\/wp-json\/wp\/v2\/comments?post=535"}],"version-history":[{"count":0,"href":"https:\/\/www.pcwfrance.com\/fr\/wp-json\/wp\/v2\/pages\/535\/revisions"}],"wp:attachment":[{"href":"https:\/\/www.pcwfrance.com\/fr\/wp-json\/wp\/v2\/media?parent=535"}],"curies":[{"name":"wp","href":"https:\/\/api.w.org\/{rel}","templated":true}]}}