{"id":228,"date":"2021-01-07T12:59:34","date_gmt":"2021-01-07T12:59:34","guid":{"rendered":"https:\/\/www.pcwfrance.com\/?page_id=228"},"modified":"2025-12-08T07:04:35","modified_gmt":"2025-12-08T07:04:35","slug":"composition-compounding-and-creation-services","status":"publish","type":"page","link":"https:\/\/www.pcwfrance.com\/fr\/composition-compounding-and-creation-services\/","title":{"rendered":"Composition Services"},"content":{"rendered":"<div class=\"row wpb_row row-fluid no-row-padding full-width-row no-column-padding thb-arrow-enabled vc_custom_1706276741731 row-has-fill row-o-content-middle row-flex\"><div class=\"wpb_column columns medium-12 thb-dark-column small-12\"><div class=\"vc_column-inner\"><div class=\"wpb_wrapper\"><div class=\"row wpb_row vc_inner row-fluid max_width\"><div class=\"wpb_column columns medium-12 large-6 medium-8 thb-dark-column small-12\"><div class=\"vc_column-inner\"><div class=\"wpb_wrapper\">\t<div id=\"thb-slidetype-69f1982a4685c\" class=\"thb-slidetype\" data-style=\"style1\">\n\t\t\n<h1><span class=\"thb-slidetype-entry\"><span class=\"lines\">Composition et Cr\u00e9ation<\/span><\/span><\/h1>\n\t\t\t<\/div>\n\n\t<div class=\"vc_empty_space\" id=\"thb-empty-space-69f1982a46a92\"  style=\"height: 10px\" ><span class=\"vc_empty_space_inner\"><\/span><\/div>\n\n\t<div class=\"wpb_text_column wpb_content_element animation fade-in\" >\n\t\t<div class=\"wpb_wrapper\">\n\t\t\t<p><span style=\"font-weight: 400;\">A partir de notre large collection de <a href=\"https:\/\/www.directpcw.com\/fr\/2932-molecules-naturelles\"><strong>mati\u00e8res premi\u00e8res<\/strong><\/a> finement s\u00e9lectionn\u00e9es nous avons \u00e9tabli une chaine de services de la cr\u00e9ation \u00e0 la fabrication de concentr\u00e9s. Nous avons une expertise confirm\u00e9e en mati\u00e8re de m\u00e9lange, de dilution, d\u2019impr\u00e9gnation de diff\u00e9rents supports, de mac\u00e9ration, de filtration, il n\u2019y a pas de limites aux diff\u00e9rents services que nous pouvons proposer.\u00a0<\/span><\/p>\n<p><span style=\"font-weight: 400;\">Certains de nos clients choisissent que chaque \u00e9tape du processus final soit sous la responsabilit\u00e9 de PCW, d'autres pr\u00e9f\u00e8rent organiser eux-m\u00eames certaines \u00e9tapes et faire appel \u00e0 PCW pour des aspects sp\u00e9cifiques. Notre objectif est de rester flexible et ouvert \u00e0 toute nouvelle approche.<\/span><\/p>\n<p><span style=\"font-weight: 400;\">Si vous \u00eates un parfumeur ind\u00e9pendant ou une marque qui a besoin de nos services pour la formulation, nous sommes l\u00e0 pour vous aider. \u00a0 \u00a0<\/span><\/p>\n<p><span style=\"font-weight: 400;\">N\u2019h\u00e9sitez pas \u00e0 nous contacter pour la cr\u00e9ation de votre composition de parfum.\u00a0<\/span><\/p>\n\n\t\t<\/div>\n\t<\/div>\n<div class=\"vc_empty_space\" id=\"thb-empty-space-69f1982a46caa\"  style=\"height: 20px\" ><span class=\"vc_empty_space_inner\"><\/span><\/div>\n\t<a id=\"thb-button-69f1982a46d78\" class=\"btn style1 large  accent small-radius animation bottom-to-top\" href=\"https:\/\/www.pcwfrance.com\/fr\/contact\/\" target=\"_self\" role=\"button\">\n\t\t<span>En Savoir Plus<\/span>\n\t\t\t<\/a>\n\t\t<\/div><\/div><\/div><\/div><\/div><\/div><\/div><div class=\"scroll-bottom light style3\"><div><\/div><\/div><\/div><div class=\"row wpb_row row-fluid full-width-row vc_custom_1619101284885\"><div class=\"wpb_column columns medium-12 thb-dark-column small-12\"><div class=\"vc_column-inner\"><div class=\"wpb_wrapper\">\t<div id=\"thb-freescroll-262\" class=\"thb-freescroll  regular-padding thb-adaptive-height thb-freescroll-images\" data-direction=\"thb-right-to-left\" data-pause=\"\">\n\t\t\n\t\t\t\t\t<figure class=\"small-12 medium-3 columns\">\n\t\t\t\t\t\t\t\t\t\t<img loading=\"lazy\" decoding=\"async\" width=\"550\" height=\"942\" src=\"https:\/\/www.pcwfrance.com\/wp-content\/uploads\/2021\/04\/creation-services-carousel-1.jpg\" class=\"\" alt=\"\" srcset=\"https:\/\/www.pcwfrance.com\/wp-content\/uploads\/2021\/04\/creation-services-carousel-1.jpg 550w, https:\/\/www.pcwfrance.com\/wp-content\/uploads\/2021\/04\/creation-services-carousel-1-175x300.jpg 175w, https:\/\/www.pcwfrance.com\/wp-content\/uploads\/2021\/04\/creation-services-carousel-1-380x651.jpg 380w, https:\/\/www.pcwfrance.com\/wp-content\/uploads\/2021\/04\/creation-services-carousel-1-190x325.jpg 190w, https:\/\/www.pcwfrance.com\/wp-content\/uploads\/2021\/04\/creation-services-carousel-1-20x34.jpg 20w\" sizes=\"auto, (max-width: 550px) 100vw, 550px\" \/>\t\t\t\t\t\t\t\t\t\t<\/figure>\n\t\t\t\t\n\t\t\t\t\t<figure class=\"small-12 medium-3 columns\">\n\t\t\t\t\t\t\t\t\t\t<img loading=\"lazy\" decoding=\"async\" width=\"550\" height=\"942\" src=\"https:\/\/www.pcwfrance.com\/wp-content\/uploads\/2021\/04\/creation-services-carousel-3.jpg\" class=\"\" alt=\"\" srcset=\"https:\/\/www.pcwfrance.com\/wp-content\/uploads\/2021\/04\/creation-services-carousel-3.jpg 550w, https:\/\/www.pcwfrance.com\/wp-content\/uploads\/2021\/04\/creation-services-carousel-3-175x300.jpg 175w, https:\/\/www.pcwfrance.com\/wp-content\/uploads\/2021\/04\/creation-services-carousel-3-380x651.jpg 380w, https:\/\/www.pcwfrance.com\/wp-content\/uploads\/2021\/04\/creation-services-carousel-3-190x325.jpg 190w, https:\/\/www.pcwfrance.com\/wp-content\/uploads\/2021\/04\/creation-services-carousel-3-20x34.jpg 20w\" sizes=\"auto, (max-width: 550px) 100vw, 550px\" \/>\t\t\t\t\t\t\t\t\t\t<\/figure>\n\t\t\t\t\n\t\t\t\t\t<figure class=\"small-12 medium-3 columns\">\n\t\t\t\t\t\t\t\t\t\t<img loading=\"lazy\" decoding=\"async\" width=\"550\" height=\"942\" src=\"https:\/\/www.pcwfrance.com\/wp-content\/uploads\/2021\/04\/creation-services-carousel-4.jpg\" class=\"\" alt=\"\" srcset=\"https:\/\/www.pcwfrance.com\/wp-content\/uploads\/2021\/04\/creation-services-carousel-4.jpg 550w, https:\/\/www.pcwfrance.com\/wp-content\/uploads\/2021\/04\/creation-services-carousel-4-175x300.jpg 175w, https:\/\/www.pcwfrance.com\/wp-content\/uploads\/2021\/04\/creation-services-carousel-4-380x651.jpg 380w, https:\/\/www.pcwfrance.com\/wp-content\/uploads\/2021\/04\/creation-services-carousel-4-190x325.jpg 190w, https:\/\/www.pcwfrance.com\/wp-content\/uploads\/2021\/04\/creation-services-carousel-4-20x34.jpg 20w\" sizes=\"auto, (max-width: 550px) 100vw, 550px\" \/>\t\t\t\t\t\t\t\t\t\t<\/figure>\n\t\t\t\t\n\t\t\t\t\t<figure class=\"small-12 medium-3 columns\">\n\t\t\t\t\t\t\t\t\t\t<img loading=\"lazy\" decoding=\"async\" width=\"550\" height=\"942\" src=\"https:\/\/www.pcwfrance.com\/wp-content\/uploads\/2021\/04\/creation-services-carousel-2.jpg\" class=\"\" alt=\"\" srcset=\"https:\/\/www.pcwfrance.com\/wp-content\/uploads\/2021\/04\/creation-services-carousel-2.jpg 550w, https:\/\/www.pcwfrance.com\/wp-content\/uploads\/2021\/04\/creation-services-carousel-2-175x300.jpg 175w, https:\/\/www.pcwfrance.com\/wp-content\/uploads\/2021\/04\/creation-services-carousel-2-380x651.jpg 380w, https:\/\/www.pcwfrance.com\/wp-content\/uploads\/2021\/04\/creation-services-carousel-2-190x325.jpg 190w, https:\/\/www.pcwfrance.com\/wp-content\/uploads\/2021\/04\/creation-services-carousel-2-20x34.jpg 20w\" sizes=\"auto, (max-width: 550px) 100vw, 550px\" \/>\t\t\t\t\t\t\t\t\t\t<\/figure>\n\t\t\t\t\n\t\t\t\t\t<figure class=\"small-12 medium-3 columns\">\n\t\t\t\t\t\t\t\t\t\t<img loading=\"lazy\" decoding=\"async\" width=\"550\" height=\"942\" src=\"https:\/\/www.pcwfrance.com\/wp-content\/uploads\/2021\/04\/creation-services-carousel-5.jpg\" class=\"\" alt=\"\" srcset=\"https:\/\/www.pcwfrance.com\/wp-content\/uploads\/2021\/04\/creation-services-carousel-5.jpg 550w, https:\/\/www.pcwfrance.com\/wp-content\/uploads\/2021\/04\/creation-services-carousel-5-175x300.jpg 175w, https:\/\/www.pcwfrance.com\/wp-content\/uploads\/2021\/04\/creation-services-carousel-5-380x651.jpg 380w, https:\/\/www.pcwfrance.com\/wp-content\/uploads\/2021\/04\/creation-services-carousel-5-190x325.jpg 190w, https:\/\/www.pcwfrance.com\/wp-content\/uploads\/2021\/04\/creation-services-carousel-5-20x34.jpg 20w\" sizes=\"auto, (max-width: 550px) 100vw, 550px\" \/>\t\t\t\t\t\t\t\t\t\t<\/figure>\n\t\t\t\t\t<\/div>\n\t<\/div><\/div><\/div><\/div>","protected":false},"excerpt":{"rendered":"Compounding services Based on our large and selective palette of ingredients we have a premium compounding and creation service\u00a0that we are pleased to offer our customers. This means that there are no boundaries to the creation. We have expertise across mixing, dilution, maceration and filtration of compositions.\u00a0 Some of our clients prefer us to take&hellip;","protected":false},"author":1,"featured_media":0,"parent":0,"menu_order":0,"comment_status":"closed","ping_status":"closed","template":"","meta":{"footnotes":""},"class_list":["post-228","page","type-page","status-publish","hentry"],"yoast_head":"<!-- This site is optimized with the Yoast SEO plugin v26.4 - https:\/\/yoast.com\/wordpress\/plugins\/seo\/ -->\n<title>Perfume Compounding and Creation Service Explained - PCW<\/title>\n<meta name=\"description\" content=\"Create your own fragrance with our perfume compounding and creation service using premium ingredients and expert techniques.\" \/>\n<meta name=\"robots\" content=\"index, follow, max-snippet:-1, max-image-preview:large, max-video-preview:-1\" \/>\n<link rel=\"canonical\" href=\"https:\/\/www.pcwfrance.com\/fr\/composition-compounding-and-creation-services\/\" \/>\n<meta property=\"og:locale\" content=\"fr_FR\" \/>\n<meta property=\"og:type\" content=\"article\" \/>\n<meta property=\"og:title\" content=\"Perfume Compounding and Creation Service Explained - PCW\" \/>\n<meta property=\"og:description\" content=\"Create your own fragrance with our perfume compounding and creation service using premium ingredients and expert techniques.\" \/>\n<meta property=\"og:url\" content=\"https:\/\/www.pcwfrance.com\/fr\/composition-compounding-and-creation-services\/\" \/>\n<meta property=\"og:site_name\" content=\"PCW\" \/>\n<meta property=\"article:publisher\" content=\"https:\/\/www.facebook.com\/pcwfrance\/\" \/>\n<meta property=\"article:modified_time\" content=\"2025-12-08T07:04:35+00:00\" \/>\n<meta name=\"twitter:card\" content=\"summary_large_image\" \/>\n<meta name=\"twitter:label1\" content=\"Dur\u00e9e de lecture estim\u00e9e\" \/>\n\t<meta name=\"twitter:data1\" content=\"1 minute\" \/>\n<script type=\"application\/ld+json\" class=\"yoast-schema-graph\">{\"@context\":\"https:\/\/schema.org\",\"@graph\":[{\"@type\":\"WebPage\",\"@id\":\"https:\/\/www.pcwfrance.com\/composition-compounding-and-creation-services\/\",\"url\":\"https:\/\/www.pcwfrance.com\/composition-compounding-and-creation-services\/\",\"name\":\"Perfume Compounding and Creation Service Explained - PCW\",\"isPartOf\":{\"@id\":\"https:\/\/www.pcwfrance.com\/#website\"},\"datePublished\":\"2021-01-07T12:59:34+00:00\",\"dateModified\":\"2025-12-08T07:04:35+00:00\",\"description\":\"Create your own fragrance with our perfume compounding and creation service using premium ingredients and expert techniques.\",\"breadcrumb\":{\"@id\":\"https:\/\/www.pcwfrance.com\/composition-compounding-and-creation-services\/#breadcrumb\"},\"inLanguage\":\"fr-FR\",\"potentialAction\":[{\"@type\":\"ReadAction\",\"target\":[\"https:\/\/www.pcwfrance.com\/composition-compounding-and-creation-services\/\"]}]},{\"@type\":\"BreadcrumbList\",\"@id\":\"https:\/\/www.pcwfrance.com\/composition-compounding-and-creation-services\/#breadcrumb\",\"itemListElement\":[{\"@type\":\"ListItem\",\"position\":1,\"name\":\"Home\",\"item\":\"https:\/\/www.pcwfrance.com\/\"},{\"@type\":\"ListItem\",\"position\":2,\"name\":\"Composition Services\"}]},{\"@type\":\"WebSite\",\"@id\":\"https:\/\/www.pcwfrance.com\/#website\",\"url\":\"https:\/\/www.pcwfrance.com\/\",\"name\":\"PCW\",\"description\":\"PCW is a French-based one-stop perfume house sourcing ingredients across the world\",\"publisher\":{\"@id\":\"https:\/\/www.pcwfrance.com\/#organization\"},\"potentialAction\":[{\"@type\":\"SearchAction\",\"target\":{\"@type\":\"EntryPoint\",\"urlTemplate\":\"https:\/\/www.pcwfrance.com\/?s={search_term_string}\"},\"query-input\":{\"@type\":\"PropertyValueSpecification\",\"valueRequired\":true,\"valueName\":\"search_term_string\"}}],\"inLanguage\":\"fr-FR\"},{\"@type\":\"Organization\",\"@id\":\"https:\/\/www.pcwfrance.com\/#organization\",\"name\":\"PCW\",\"url\":\"https:\/\/www.pcwfrance.com\/\",\"logo\":{\"@type\":\"ImageObject\",\"inLanguage\":\"fr-FR\",\"@id\":\"https:\/\/www.pcwfrance.com\/#\/schema\/logo\/image\/\",\"url\":\"https:\/\/www.pcwfrance.com\/wp-content\/uploads\/2021\/01\/New_Logo_PCW_2018-1.png\",\"contentUrl\":\"https:\/\/www.pcwfrance.com\/wp-content\/uploads\/2021\/01\/New_Logo_PCW_2018-1.png\",\"width\":799,\"height\":490,\"caption\":\"PCW\"},\"image\":{\"@id\":\"https:\/\/www.pcwfrance.com\/#\/schema\/logo\/image\/\"},\"sameAs\":[\"https:\/\/www.facebook.com\/pcwfrance\/\",\"https:\/\/www.instagram.com\/pcwfrance\/?hl=en\",\"https:\/\/www.youtube.com\/channel\/UCpl96v4TiKpaOi3FeePZ_Jw\"]}]}<\/script>\n<!-- \/ Yoast SEO plugin. -->","yoast_head_json":{"title":"Perfume Compounding and Creation Service Explained - PCW","description":"Create your own fragrance with our perfume compounding and creation service using premium ingredients and expert techniques.","robots":{"index":"index","follow":"follow","max-snippet":"max-snippet:-1","max-image-preview":"max-image-preview:large","max-video-preview":"max-video-preview:-1"},"canonical":"https:\/\/www.pcwfrance.com\/fr\/composition-compounding-and-creation-services\/","og_locale":"fr_FR","og_type":"article","og_title":"Perfume Compounding and Creation Service Explained - PCW","og_description":"Create your own fragrance with our perfume compounding and creation service using premium ingredients and expert techniques.","og_url":"https:\/\/www.pcwfrance.com\/fr\/composition-compounding-and-creation-services\/","og_site_name":"PCW","article_publisher":"https:\/\/www.facebook.com\/pcwfrance\/","article_modified_time":"2025-12-08T07:04:35+00:00","twitter_card":"summary_large_image","twitter_misc":{"Dur\u00e9e de lecture estim\u00e9e":"1 minute"},"schema":{"@context":"https:\/\/schema.org","@graph":[{"@type":"WebPage","@id":"https:\/\/www.pcwfrance.com\/composition-compounding-and-creation-services\/","url":"https:\/\/www.pcwfrance.com\/composition-compounding-and-creation-services\/","name":"Perfume Compounding and Creation Service Explained - PCW","isPartOf":{"@id":"https:\/\/www.pcwfrance.com\/#website"},"datePublished":"2021-01-07T12:59:34+00:00","dateModified":"2025-12-08T07:04:35+00:00","description":"Create your own fragrance with our perfume compounding and creation service using premium ingredients and expert techniques.","breadcrumb":{"@id":"https:\/\/www.pcwfrance.com\/composition-compounding-and-creation-services\/#breadcrumb"},"inLanguage":"fr-FR","potentialAction":[{"@type":"ReadAction","target":["https:\/\/www.pcwfrance.com\/composition-compounding-and-creation-services\/"]}]},{"@type":"BreadcrumbList","@id":"https:\/\/www.pcwfrance.com\/composition-compounding-and-creation-services\/#breadcrumb","itemListElement":[{"@type":"ListItem","position":1,"name":"Home","item":"https:\/\/www.pcwfrance.com\/"},{"@type":"ListItem","position":2,"name":"Composition Services"}]},{"@type":"WebSite","@id":"https:\/\/www.pcwfrance.com\/#website","url":"https:\/\/www.pcwfrance.com\/","name":"PCW","description":"PCW is a French-based one-stop perfume house sourcing ingredients across the world","publisher":{"@id":"https:\/\/www.pcwfrance.com\/#organization"},"potentialAction":[{"@type":"SearchAction","target":{"@type":"EntryPoint","urlTemplate":"https:\/\/www.pcwfrance.com\/?s={search_term_string}"},"query-input":{"@type":"PropertyValueSpecification","valueRequired":true,"valueName":"search_term_string"}}],"inLanguage":"fr-FR"},{"@type":"Organization","@id":"https:\/\/www.pcwfrance.com\/#organization","name":"PCW","url":"https:\/\/www.pcwfrance.com\/","logo":{"@type":"ImageObject","inLanguage":"fr-FR","@id":"https:\/\/www.pcwfrance.com\/#\/schema\/logo\/image\/","url":"https:\/\/www.pcwfrance.com\/wp-content\/uploads\/2021\/01\/New_Logo_PCW_2018-1.png","contentUrl":"https:\/\/www.pcwfrance.com\/wp-content\/uploads\/2021\/01\/New_Logo_PCW_2018-1.png","width":799,"height":490,"caption":"PCW"},"image":{"@id":"https:\/\/www.pcwfrance.com\/#\/schema\/logo\/image\/"},"sameAs":["https:\/\/www.facebook.com\/pcwfrance\/","https:\/\/www.instagram.com\/pcwfrance\/?hl=en","https:\/\/www.youtube.com\/channel\/UCpl96v4TiKpaOi3FeePZ_Jw"]}]}},"_links":{"self":[{"href":"https:\/\/www.pcwfrance.com\/fr\/wp-json\/wp\/v2\/pages\/228","targetHints":{"allow":["GET"]}}],"collection":[{"href":"https:\/\/www.pcwfrance.com\/fr\/wp-json\/wp\/v2\/pages"}],"about":[{"href":"https:\/\/www.pcwfrance.com\/fr\/wp-json\/wp\/v2\/types\/page"}],"author":[{"embeddable":true,"href":"https:\/\/www.pcwfrance.com\/fr\/wp-json\/wp\/v2\/users\/1"}],"replies":[{"embeddable":true,"href":"https:\/\/www.pcwfrance.com\/fr\/wp-json\/wp\/v2\/comments?post=228"}],"version-history":[{"count":0,"href":"https:\/\/www.pcwfrance.com\/fr\/wp-json\/wp\/v2\/pages\/228\/revisions"}],"wp:attachment":[{"href":"https:\/\/www.pcwfrance.com\/fr\/wp-json\/wp\/v2\/media?parent=228"}],"curies":[{"name":"wp","href":"https:\/\/api.w.org\/{rel}","templated":true}]}}