{"id":1444,"date":"2023-02-21T17:14:59","date_gmt":"2023-02-21T17:14:59","guid":{"rendered":"https:\/\/www.pcwfrance.com\/?page_id=1444"},"modified":"2025-11-26T08:31:26","modified_gmt":"2025-11-26T08:31:26","slug":"oxyguard","status":"publish","type":"page","link":"https:\/\/www.pcwfrance.com\/fr\/oxyguard\/","title":{"rendered":"technologie Oxyguard"},"content":{"rendered":"<div class=\"row wpb_row row-fluid vc_custom_1677252413812\"><div class=\"wpb_column columns medium-12 thb-dark-column small-12\"><div class=\"vc_column-inner\"><div class=\"wpb_wrapper\"><\/div><\/div><\/div><\/div><div class=\"row wpb_row row-fluid vc_custom_1526404546736\"><div class=\"wpb_column columns medium-12 thb-dark-column small-12\"><div class=\"vc_column-inner\"><div class=\"wpb_wrapper\">\t<div id=\"thb-video-lightbox-69f8afde6388e\" class=\"thb-video-lightbox lightbox-style2  thb-video-lightbox-icon-style-style2  regular\">\n\t\t<a href=\"https:\/\/mastermedialab.com\/wp-content\/uploads\/2023\/02\/OxyGuard-V7-2.mp4\" class=\"thb-video-link mfp-video\"><\/a>\n\t\t<img loading=\"lazy\" decoding=\"async\" width=\"1920\" height=\"1080\" src=\"https:\/\/www.pcwfrance.com\/wp-content\/uploads\/2023\/02\/oxyguard-cover-video.jpg\" class=\"attachment-full\" alt=\"\" srcset=\"https:\/\/www.pcwfrance.com\/wp-content\/uploads\/2023\/02\/oxyguard-cover-video.jpg 1920w, https:\/\/www.pcwfrance.com\/wp-content\/uploads\/2023\/02\/oxyguard-cover-video-300x169.jpg 300w, https:\/\/www.pcwfrance.com\/wp-content\/uploads\/2023\/02\/oxyguard-cover-video-1024x576.jpg 1024w, https:\/\/www.pcwfrance.com\/wp-content\/uploads\/2023\/02\/oxyguard-cover-video-768x432.jpg 768w, https:\/\/www.pcwfrance.com\/wp-content\/uploads\/2023\/02\/oxyguard-cover-video-1536x864.jpg 1536w, https:\/\/www.pcwfrance.com\/wp-content\/uploads\/2023\/02\/oxyguard-cover-video-18x10.jpg 18w, https:\/\/www.pcwfrance.com\/wp-content\/uploads\/2023\/02\/oxyguard-cover-video-380x214.jpg 380w, https:\/\/www.pcwfrance.com\/wp-content\/uploads\/2023\/02\/oxyguard-cover-video-20x11.jpg 20w, https:\/\/www.pcwfrance.com\/wp-content\/uploads\/2023\/02\/oxyguard-cover-video-190x107.jpg 190w, https:\/\/www.pcwfrance.com\/wp-content\/uploads\/2023\/02\/oxyguard-cover-video-760x428.jpg 760w, https:\/\/www.pcwfrance.com\/wp-content\/uploads\/2023\/02\/oxyguard-cover-video-1140x641.jpg 1140w, https:\/\/www.pcwfrance.com\/wp-content\/uploads\/2023\/02\/oxyguard-cover-video-600x338.jpg 600w\" sizes=\"auto, (max-width: 1920px) 100vw, 1920px\" \/>\t\t<svg version=\"1.1\" xmlns=\"http:\/\/www.w3.org\/2000\/svg\" xmlns:xlink=\"http:\/\/www.w3.org\/1999\/xlink\" x=\"0px\" y=\"0px\"\n\t width=\"64px\" height=\"64px\" viewbox=\"0 0 64 64\" enable-background=\"new 0 0 64 64\" xml:space=\"preserve\">\n\t<path class=\"pause\" fill-rule=\"evenodd\" clip-rule=\"evenodd\" d=\"M32,0C14.327,0,0,14.327,0,32c0,17.674,14.327,32,32,32\t\ts32-14.326,32-32C64,14.327,49.673,0,32,0z M30,40h-4V24h4V40z M38,40h-4V24h4V40z\"\/>\n\t<path class=\"play\" d=\"M32,0C14.327,0,0,14.327,0,32c0,17.674,14.327,32,32,32s32-14.326,32-32C64,14.327,49.673,0,32,0z M40.295,33.256\t\tl-12.383,7.529C27.761,40.893,27.56,41,27.309,41c-0.252,0-0.504-0.107-0.705-0.215C26.251,40.516,26,40.032,26,39.549V24.437\t\tc0-0.483,0.201-0.968,0.604-1.237c0.403-0.268,0.856-0.268,1.309,0l12.383,7.529C40.748,31.051,41,31.535,41,32.02\t\tC41,32.503,40.748,32.987,40.295,33.256z\"\/>\n<\/svg>\n\t\t\t\t<style>\n\t\t\t\t\t\t\t\t<\/style>\n\t<\/div>\n\t<div class=\"vc_empty_space\" id=\"thb-empty-space-69f8afde63ede\"  style=\"height: 20px\" ><span class=\"vc_empty_space_inner\"><\/span><\/div>\n<\/div><\/div><\/div><\/div><div class=\"row wpb_row row-fluid vc_custom_1526404546736\"><div class=\"wpb_column columns medium-12 thb-dark-column small-12\"><div class=\"vc_column-inner\"><div class=\"wpb_wrapper\"><\/div><\/div><\/div><\/div><div class=\"row wpb_row row-fluid no-row-padding full-width-row no-column-padding thb-arrow-enabled vc_custom_1676998691824 row-has-fill row-o-content-middle row-flex\"><div class=\"wpb_column columns medium-12 thb-dark-column small-12\"><div class=\"vc_column-inner\"><div class=\"wpb_wrapper\"><div class=\"row wpb_row vc_inner row-fluid max_width\"><div class=\"wpb_column columns medium-3 large-6 medium-8 thb-dark-column small-12\"><div class=\"vc_column-inner   vc_custom_1610706390804\"><div class=\"wpb_wrapper\">\t<div id=\"thb-slidetype-69f8afde64ada\" class=\"thb-slidetype\" data-style=\"style1\">\n\t\t\n<h2><span class=\"thb-slidetype-entry\"><span class=\"lines\">Am\u00e9liorez la dur\u00e9e de ie renforc\u00e9e et la stabilit\u00e9 de vos parfums avec la NOUVELLE technologie Oxyguard lorsque vous produisez vos parfums avec nous<\/span><\/span><\/h2>\n\t\t\t<\/div>\n\n\t<div class=\"vc_empty_space\" id=\"thb-empty-space-69f8afde64baf\"  style=\"height: 10px\" ><span class=\"vc_empty_space_inner\"><\/span><\/div>\n\n\t<div class=\"wpb_text_column wpb_content_element animation fade-in\" >\n\t\t<div class=\"wpb_wrapper\">\n\t\t\t<p><strong>Am\u00e9liorez vos cr\u00e9ations de parfums avec :<\/strong><\/p>\n<ul>\n<li>Protection Du Parfum<\/li>\n<li>Dur\u00e9e De Vie Renforc\u00e9e<\/li>\n<li>Meilleure Stabilit\u00e9 De La Couleur<\/li>\n<li>Int\u00e9grit\u00e9 De L\u2019odeur Au Fil Du Temps<\/li>\n<\/ul>\n\n\t\t<\/div>\n\t<\/div>\n\n\t<div class=\"wpb_text_column wpb_content_element animation fade-in\" >\n\t\t<div class=\"wpb_wrapper\">\n\t\t\t<p>Cette nouvelle technologie Oxyguard permet de mieux prot\u00e9ger le liquide de l\u2019action de l\u2019oxyg\u00e8ne et donc d\u2019am\u00e9liorer sa conservation lors du stockage, du rayonnage en boutique ou au domicile du consommateur final.<\/p>\n\n\t\t<\/div>\n\t<\/div>\n<div class=\"vc_empty_space\" id=\"thb-empty-space-69f8afde64e5c\"  style=\"height: 20px\" ><span class=\"vc_empty_space_inner\"><\/span><\/div>\n<\/div><\/div><\/div><\/div><\/div><\/div><\/div><div class=\"scroll-bottom light style3\"><div><\/div><\/div><\/div><div class=\"row wpb_row row-fluid vc_custom_1526404546736\"><div class=\"wpb_column columns medium-12 thb-dark-column small-12\"><div class=\"vc_column-inner\"><div class=\"wpb_wrapper\">\t<div id=\"thb-slidetype-69f8afde6536c\" class=\"thb-slidetype\" data-style=\"style1\">\n\t\t\n<h2><strong><span class=\"thb-slidetype-entry\"><span class=\"lines\">Comment cela fonctionne-t-il ?<\/span><\/span><\/strong><\/h2>\n\t\t\t<\/div>\n\n\t\n\t<div class=\"wpb_text_column wpb_content_element animation fade-in\" >\n\t\t<div class=\"wpb_wrapper\">\n\t\t\t<p style=\"text-align: justify;\">Cette nouveaut\u00e9 technologique permet de cr\u00e9er une couche neutre au-dessus du parfum pendant le processus de fabrication. La couche d\u2019air est remplac\u00e9e par un gaz inerte, ce qui am\u00e9liore la stabilit\u00e9 et la dur\u00e9e de conservation du parfum. Le syst\u00e8me Oxyguard r\u00e9duit les changements de couleur et le vieillissement du parfum.<\/p>\n<p style=\"text-align: justify;\">Les marques de parfum peuvent communiquer et promouvoir aupr\u00e8s de leurs distributeurs et de leurs clients les avantages qualitatifs que procurent la technologie Oxyguard.<\/p>\n<p>Veuillez noter que Oxyguard ne peut \u00eatre utilis\u00e9 que lorsque vous produisez votre parfum chez PCW.<\/p>\n\n\t\t<\/div>\n\t<\/div>\n<div class=\"vc_empty_space\" id=\"thb-empty-space-69f8afde6551e\"  style=\"height: 20px\" ><span class=\"vc_empty_space_inner\"><\/span><\/div>\n\t<a id=\"thb-button-69f8afde65572\" class=\"btn style1 large  accent small-radius animation bottom-to-top\" href=\"https:\/\/www.pcwfrance.com\/fr\/contact\/\" target=\"_blank\" role=\"button\">\n\t\t<span>Contactez-nous pour plus d'informations<\/span>\n\t\t\t<\/a>\n\t\t<\/div><\/div><\/div><\/div><div class=\"row wpb_row row-fluid vc_custom_1677252896622\"><div class=\"wpb_column columns medium-12 thb-dark-column small-12\"><div class=\"vc_column-inner\"><div class=\"wpb_wrapper\"><\/div><\/div><\/div><\/div>","protected":false},"excerpt":{"rendered":"Improve the shelf life and stability of your fragrances with PCW's NEW Oxyguard technology when you produce your perfumes with us Enhance Your Fragrance Creations With : Scent Protection Shelf Life Conservation Colour Stability Genuine Olfactive Rendition Over Time Our NEW Oxyguard technology enhances fragrance protection, ensuring that perfumes remain fresher in storage, on shop&hellip;","protected":false},"author":1,"featured_media":0,"parent":0,"menu_order":0,"comment_status":"closed","ping_status":"closed","template":"","meta":{"footnotes":""},"class_list":["post-1444","page","type-page","status-publish","hentry"],"yoast_head":"<!-- This site is optimized with the Yoast SEO plugin v26.4 - https:\/\/yoast.com\/wordpress\/plugins\/seo\/ -->\n<title>Oxyguard - PCW<\/title>\n<meta name=\"robots\" content=\"index, follow, max-snippet:-1, max-image-preview:large, max-video-preview:-1\" \/>\n<link rel=\"canonical\" href=\"https:\/\/www.pcwfrance.com\/fr\/oxyguard\/\" \/>\n<meta property=\"og:locale\" content=\"fr_FR\" \/>\n<meta property=\"og:type\" content=\"article\" \/>\n<meta property=\"og:title\" content=\"Oxyguard - PCW\" \/>\n<meta property=\"og:url\" content=\"https:\/\/www.pcwfrance.com\/fr\/oxyguard\/\" \/>\n<meta property=\"og:site_name\" content=\"PCW\" \/>\n<meta property=\"article:publisher\" content=\"https:\/\/www.facebook.com\/pcwfrance\/\" \/>\n<meta property=\"article:modified_time\" content=\"2025-11-26T08:31:26+00:00\" \/>\n<meta name=\"twitter:card\" content=\"summary_large_image\" \/>\n<meta name=\"twitter:label1\" content=\"Dur\u00e9e de lecture estim\u00e9e\" \/>\n\t<meta name=\"twitter:data1\" content=\"2 minutes\" \/>\n<script type=\"application\/ld+json\" class=\"yoast-schema-graph\">{\"@context\":\"https:\/\/schema.org\",\"@graph\":[{\"@type\":\"WebPage\",\"@id\":\"https:\/\/www.pcwfrance.com\/oxyguard\/\",\"url\":\"https:\/\/www.pcwfrance.com\/oxyguard\/\",\"name\":\"Oxyguard - PCW\",\"isPartOf\":{\"@id\":\"https:\/\/www.pcwfrance.com\/#website\"},\"datePublished\":\"2023-02-21T17:14:59+00:00\",\"dateModified\":\"2025-11-26T08:31:26+00:00\",\"breadcrumb\":{\"@id\":\"https:\/\/www.pcwfrance.com\/oxyguard\/#breadcrumb\"},\"inLanguage\":\"fr-FR\",\"potentialAction\":[{\"@type\":\"ReadAction\",\"target\":[\"https:\/\/www.pcwfrance.com\/oxyguard\/\"]}]},{\"@type\":\"BreadcrumbList\",\"@id\":\"https:\/\/www.pcwfrance.com\/oxyguard\/#breadcrumb\",\"itemListElement\":[{\"@type\":\"ListItem\",\"position\":1,\"name\":\"Home\",\"item\":\"https:\/\/www.pcwfrance.com\/\"},{\"@type\":\"ListItem\",\"position\":2,\"name\":\"Oxyguard\"}]},{\"@type\":\"WebSite\",\"@id\":\"https:\/\/www.pcwfrance.com\/#website\",\"url\":\"https:\/\/www.pcwfrance.com\/\",\"name\":\"PCW\",\"description\":\"PCW is a French-based one-stop perfume house sourcing ingredients across the world\",\"publisher\":{\"@id\":\"https:\/\/www.pcwfrance.com\/#organization\"},\"potentialAction\":[{\"@type\":\"SearchAction\",\"target\":{\"@type\":\"EntryPoint\",\"urlTemplate\":\"https:\/\/www.pcwfrance.com\/?s={search_term_string}\"},\"query-input\":{\"@type\":\"PropertyValueSpecification\",\"valueRequired\":true,\"valueName\":\"search_term_string\"}}],\"inLanguage\":\"fr-FR\"},{\"@type\":\"Organization\",\"@id\":\"https:\/\/www.pcwfrance.com\/#organization\",\"name\":\"PCW\",\"url\":\"https:\/\/www.pcwfrance.com\/\",\"logo\":{\"@type\":\"ImageObject\",\"inLanguage\":\"fr-FR\",\"@id\":\"https:\/\/www.pcwfrance.com\/#\/schema\/logo\/image\/\",\"url\":\"https:\/\/www.pcwfrance.com\/wp-content\/uploads\/2021\/01\/New_Logo_PCW_2018-1.png\",\"contentUrl\":\"https:\/\/www.pcwfrance.com\/wp-content\/uploads\/2021\/01\/New_Logo_PCW_2018-1.png\",\"width\":799,\"height\":490,\"caption\":\"PCW\"},\"image\":{\"@id\":\"https:\/\/www.pcwfrance.com\/#\/schema\/logo\/image\/\"},\"sameAs\":[\"https:\/\/www.facebook.com\/pcwfrance\/\",\"https:\/\/www.instagram.com\/pcwfrance\/?hl=en\",\"https:\/\/www.youtube.com\/channel\/UCpl96v4TiKpaOi3FeePZ_Jw\"]}]}<\/script>\n<!-- \/ Yoast SEO plugin. -->","yoast_head_json":{"title":"Oxyguard - PCW","robots":{"index":"index","follow":"follow","max-snippet":"max-snippet:-1","max-image-preview":"max-image-preview:large","max-video-preview":"max-video-preview:-1"},"canonical":"https:\/\/www.pcwfrance.com\/fr\/oxyguard\/","og_locale":"fr_FR","og_type":"article","og_title":"Oxyguard - PCW","og_url":"https:\/\/www.pcwfrance.com\/fr\/oxyguard\/","og_site_name":"PCW","article_publisher":"https:\/\/www.facebook.com\/pcwfrance\/","article_modified_time":"2025-11-26T08:31:26+00:00","twitter_card":"summary_large_image","twitter_misc":{"Dur\u00e9e de lecture estim\u00e9e":"2 minutes"},"schema":{"@context":"https:\/\/schema.org","@graph":[{"@type":"WebPage","@id":"https:\/\/www.pcwfrance.com\/oxyguard\/","url":"https:\/\/www.pcwfrance.com\/oxyguard\/","name":"Oxyguard - PCW","isPartOf":{"@id":"https:\/\/www.pcwfrance.com\/#website"},"datePublished":"2023-02-21T17:14:59+00:00","dateModified":"2025-11-26T08:31:26+00:00","breadcrumb":{"@id":"https:\/\/www.pcwfrance.com\/oxyguard\/#breadcrumb"},"inLanguage":"fr-FR","potentialAction":[{"@type":"ReadAction","target":["https:\/\/www.pcwfrance.com\/oxyguard\/"]}]},{"@type":"BreadcrumbList","@id":"https:\/\/www.pcwfrance.com\/oxyguard\/#breadcrumb","itemListElement":[{"@type":"ListItem","position":1,"name":"Home","item":"https:\/\/www.pcwfrance.com\/"},{"@type":"ListItem","position":2,"name":"Oxyguard"}]},{"@type":"WebSite","@id":"https:\/\/www.pcwfrance.com\/#website","url":"https:\/\/www.pcwfrance.com\/","name":"PCW","description":"PCW is a French-based one-stop perfume house sourcing ingredients across the world","publisher":{"@id":"https:\/\/www.pcwfrance.com\/#organization"},"potentialAction":[{"@type":"SearchAction","target":{"@type":"EntryPoint","urlTemplate":"https:\/\/www.pcwfrance.com\/?s={search_term_string}"},"query-input":{"@type":"PropertyValueSpecification","valueRequired":true,"valueName":"search_term_string"}}],"inLanguage":"fr-FR"},{"@type":"Organization","@id":"https:\/\/www.pcwfrance.com\/#organization","name":"PCW","url":"https:\/\/www.pcwfrance.com\/","logo":{"@type":"ImageObject","inLanguage":"fr-FR","@id":"https:\/\/www.pcwfrance.com\/#\/schema\/logo\/image\/","url":"https:\/\/www.pcwfrance.com\/wp-content\/uploads\/2021\/01\/New_Logo_PCW_2018-1.png","contentUrl":"https:\/\/www.pcwfrance.com\/wp-content\/uploads\/2021\/01\/New_Logo_PCW_2018-1.png","width":799,"height":490,"caption":"PCW"},"image":{"@id":"https:\/\/www.pcwfrance.com\/#\/schema\/logo\/image\/"},"sameAs":["https:\/\/www.facebook.com\/pcwfrance\/","https:\/\/www.instagram.com\/pcwfrance\/?hl=en","https:\/\/www.youtube.com\/channel\/UCpl96v4TiKpaOi3FeePZ_Jw"]}]}},"_links":{"self":[{"href":"https:\/\/www.pcwfrance.com\/fr\/wp-json\/wp\/v2\/pages\/1444","targetHints":{"allow":["GET"]}}],"collection":[{"href":"https:\/\/www.pcwfrance.com\/fr\/wp-json\/wp\/v2\/pages"}],"about":[{"href":"https:\/\/www.pcwfrance.com\/fr\/wp-json\/wp\/v2\/types\/page"}],"author":[{"embeddable":true,"href":"https:\/\/www.pcwfrance.com\/fr\/wp-json\/wp\/v2\/users\/1"}],"replies":[{"embeddable":true,"href":"https:\/\/www.pcwfrance.com\/fr\/wp-json\/wp\/v2\/comments?post=1444"}],"version-history":[{"count":0,"href":"https:\/\/www.pcwfrance.com\/fr\/wp-json\/wp\/v2\/pages\/1444\/revisions"}],"wp:attachment":[{"href":"https:\/\/www.pcwfrance.com\/fr\/wp-json\/wp\/v2\/media?parent=1444"}],"curies":[{"name":"wp","href":"https:\/\/api.w.org\/{rel}","templated":true}]}}