{"id":1144,"date":"2021-04-01T08:22:26","date_gmt":"2021-04-01T08:22:26","guid":{"rendered":"https:\/\/www.pcwfrance.com\/contact\/"},"modified":"2026-03-26T10:26:14","modified_gmt":"2026-03-26T10:26:14","slug":"contact","status":"publish","type":"page","link":"https:\/\/www.pcwfrance.com\/fr\/home\/contact\/","title":{"rendered":"Contact"},"content":{"rendered":"<div class=\"row wpb_row row-fluid vc_custom_1618903321082\"><div class=\"wpb_column columns medium-4 thb-dark-column has-fill small-12\" id=\"text-center\"><div class=\"vc_column-inner   vc_custom_1617882889883\"><div class=\"wpb_wrapper\">\n\t<div class=\"wpb_text_column wpb_content_element\" >\n\t\t<div class=\"wpb_wrapper\">\n\t\t\t<h3 style=\"text-align: center;\"><strong>Pour les ingr\u00e9dients et mati\u00e8res premi\u00e8res <\/strong><\/h3>\n<h3 style=\"text-align: center;\"><strong>Find our full catalog directly on <a href=\"https:\/\/www.directpcw.com?utm_source=pcwfrance&amp;utm_medium=pcw&amp;utm_campaign=pcwfrance&amp;utm_id=pcwfrance\">directpcw<\/a><\/strong><\/h3>\n\n\t\t<\/div>\n\t<\/div>\n<\/div><\/div><\/div><div class=\"wpb_column columns medium-4 thb-dark-column has-fill small-12\"><div class=\"vc_column-inner   vc_custom_1617266687066\"><div class=\"wpb_wrapper\">\n\t<div class=\"wpb_text_column wpb_content_element\" >\n\t\t<div class=\"wpb_wrapper\">\n\t\t\t<h3 style=\"text-align: center;\"><strong>For full fragrance projects including manufacturing<\/strong><\/h3>\n<p style=\"text-align: center;\">\u00a0<a href=\"https:\/\/wkf.ms\/3RzWoEY\">Contactez-nous<\/a><\/p>\n\n\t\t<\/div>\n\t<\/div>\n<\/div><\/div><\/div><div class=\"wpb_column columns medium-4 thb-dark-column has-fill small-12\"><div class=\"vc_column-inner   vc_custom_1617266705967\"><div class=\"wpb_wrapper\">\n\t<div class=\"wpb_text_column wpb_content_element\" >\n\t\t<div class=\"wpb_wrapper\">\n\t\t\t<h3 style=\"text-align: center;\"><strong>Pour vos demandes de composition et de cr\u00e9ation de parfums \u00a0<\/strong><\/h3>\n<p style=\"text-align: center;\">\u00a0<a href=\"https:\/\/forms.monday.com\/forms\/f84508daa860e3355e64e4115d1df0a2?r=euc1\" target=\"_blank\" rel=\"noopener\">Contactez-nous<\/a><\/p>\n\n\t\t<\/div>\n\t<\/div>\n<\/div><\/div><\/div><\/div><div class=\"row wpb_row row-fluid\"><div class=\"wpb_column columns medium-12 thb-dark-column small-12\"><div class=\"vc_column-inner\"><div class=\"wpb_wrapper\">\n\t<div class=\"wpb_text_column wpb_content_element\" >\n\t\t<div class=\"wpb_wrapper\">\n\t\t\t<h3 style=\"text-align: center;\"><strong>Pour tous les autres questions, <a href=\"mailto:info@pcwfrance.com\" target=\"_blank\" rel=\"noopener\">contact us here.<\/a><\/strong><\/h3>\n\n\t\t<\/div>\n\t<\/div>\n<\/div><\/div><\/div><\/div><div class=\"row wpb_row row-fluid\"><div class=\"wpb_column columns medium-6 thb-dark-column small-12\"><div class=\"vc_column-inner\"><div class=\"wpb_wrapper\"><div class=\"wpb_gmaps_widget wpb_content_element\"><div class=\"wpb_wrapper\"><div class=\"wpb_map_wraper\"><iframe src=\"https:\/\/www.google.com\/maps\/embed?pb=!1m14!1m8!1m3!1d268910.05676579376!2d6.832058808234688!3d43.589447774779394!3m2!1i1024!2i768!4f13.1!3m3!1m2!1s0x0%3A0xa1e75626aa11af04!2sParfum%20Cosmetic%20World%20(PCW)!5e0!3m2!1sen!2sfr!4v1617186490437!5m2!1sen!2sfr\" width=\"500\" height=\"450\" style=\"border:0;\" allowfullscreen=\"\" loading=\"lazy\"><\/iframe><\/div><\/div><\/div><\/div><\/div><\/div><div class=\"wpb_column columns medium-6 thb-dark-column small-12\"><div class=\"vc_column-inner\"><div class=\"wpb_wrapper\">\t<div class=\"thb_cascading_images\">\n\t\t\t<figure class=\"cascading_image\">\n\t\t<div class=\"cascading_inner\">\n\t\t\t<img decoding=\"async\" src=\"https:\/\/www.pcwfrance.com\/wp-content\/uploads\/2021\/04\/contact-us-page-pcw-france-building.jpg\" alt=\"\" style=\"transform: translateX(0%) translateY(0%); \" width=\"600\" class=\"\"\/>\n\t\t<\/div>\n\t<\/figure>\n\t\t<\/div>\n\t<\/div><\/div><\/div><\/div><div class=\"row wpb_row row-fluid\"><div class=\"wpb_column columns medium-12 thb-dark-column small-12\"><div class=\"vc_column-inner\"><div class=\"wpb_wrapper\"><\/div><\/div><\/div><\/div><div class=\"row wpb_row row-fluid full-width-row\"><div class=\"wpb_column columns medium-12 thb-dark-column small-12\"><div class=\"vc_column-inner\"><div class=\"wpb_wrapper\">\t<div id=\"thb-freescroll-323\" class=\"thb-freescroll  regular-padding thb-adaptive-height thb-freescroll-images\" data-direction=\"thb-right-to-left\" data-pause=\"\">\n\t\t\n\t\t\t\t\t<figure class=\"small-12 medium-3 columns\">\n\t\t\t\t\t\t\t\t\t\t<img loading=\"lazy\" decoding=\"async\" width=\"550\" height=\"942\" src=\"https:\/\/www.pcwfrance.com\/wp-content\/uploads\/2021\/04\/Free-scroll-9-version-2.jpg\" class=\"\" alt=\"\" srcset=\"https:\/\/www.pcwfrance.com\/wp-content\/uploads\/2021\/04\/Free-scroll-9-version-2.jpg 550w, https:\/\/www.pcwfrance.com\/wp-content\/uploads\/2021\/04\/Free-scroll-9-version-2-175x300.jpg 175w, https:\/\/www.pcwfrance.com\/wp-content\/uploads\/2021\/04\/Free-scroll-9-version-2-380x651.jpg 380w, https:\/\/www.pcwfrance.com\/wp-content\/uploads\/2021\/04\/Free-scroll-9-version-2-190x325.jpg 190w, https:\/\/www.pcwfrance.com\/wp-content\/uploads\/2021\/04\/Free-scroll-9-version-2-20x34.jpg 20w\" sizes=\"auto, (max-width: 550px) 100vw, 550px\" \/>\t\t\t\t\t\t\t\t\t\t<\/figure>\n\t\t\t\t\n\t\t\t\t\t<figure class=\"small-12 medium-3 columns\">\n\t\t\t\t\t\t\t\t\t\t<img loading=\"lazy\" decoding=\"async\" width=\"550\" height=\"942\" src=\"https:\/\/www.pcwfrance.com\/wp-content\/uploads\/2021\/04\/Carousel-scroll-6-version-2.jpg\" class=\"\" alt=\"\" srcset=\"https:\/\/www.pcwfrance.com\/wp-content\/uploads\/2021\/04\/Carousel-scroll-6-version-2.jpg 550w, https:\/\/www.pcwfrance.com\/wp-content\/uploads\/2021\/04\/Carousel-scroll-6-version-2-175x300.jpg 175w, https:\/\/www.pcwfrance.com\/wp-content\/uploads\/2021\/04\/Carousel-scroll-6-version-2-380x651.jpg 380w, https:\/\/www.pcwfrance.com\/wp-content\/uploads\/2021\/04\/Carousel-scroll-6-version-2-190x325.jpg 190w, https:\/\/www.pcwfrance.com\/wp-content\/uploads\/2021\/04\/Carousel-scroll-6-version-2-20x34.jpg 20w\" sizes=\"auto, (max-width: 550px) 100vw, 550px\" \/>\t\t\t\t\t\t\t\t\t\t<\/figure>\n\t\t\t\t\n\t\t\t\t\t<figure class=\"small-12 medium-3 columns\">\n\t\t\t\t\t\t\t\t\t\t<img loading=\"lazy\" decoding=\"async\" width=\"550\" height=\"942\" src=\"https:\/\/www.pcwfrance.com\/wp-content\/uploads\/2021\/04\/Carousel-scroll-5.jpg\" class=\"\" alt=\"\" srcset=\"https:\/\/www.pcwfrance.com\/wp-content\/uploads\/2021\/04\/Carousel-scroll-5.jpg 550w, https:\/\/www.pcwfrance.com\/wp-content\/uploads\/2021\/04\/Carousel-scroll-5-175x300.jpg 175w, https:\/\/www.pcwfrance.com\/wp-content\/uploads\/2021\/04\/Carousel-scroll-5-380x651.jpg 380w, https:\/\/www.pcwfrance.com\/wp-content\/uploads\/2021\/04\/Carousel-scroll-5-190x325.jpg 190w, https:\/\/www.pcwfrance.com\/wp-content\/uploads\/2021\/04\/Carousel-scroll-5-20x34.jpg 20w\" sizes=\"auto, (max-width: 550px) 100vw, 550px\" \/>\t\t\t\t\t\t\t\t\t\t<\/figure>\n\t\t\t\t\n\t\t\t\t\t<figure class=\"small-12 medium-3 columns\">\n\t\t\t\t\t\t\t\t\t\t<img loading=\"lazy\" decoding=\"async\" width=\"550\" height=\"942\" src=\"https:\/\/www.pcwfrance.com\/wp-content\/uploads\/2021\/04\/Carousel-scroll-4-version-2.jpg\" class=\"\" alt=\"\" srcset=\"https:\/\/www.pcwfrance.com\/wp-content\/uploads\/2021\/04\/Carousel-scroll-4-version-2.jpg 550w, https:\/\/www.pcwfrance.com\/wp-content\/uploads\/2021\/04\/Carousel-scroll-4-version-2-175x300.jpg 175w, https:\/\/www.pcwfrance.com\/wp-content\/uploads\/2021\/04\/Carousel-scroll-4-version-2-380x651.jpg 380w, https:\/\/www.pcwfrance.com\/wp-content\/uploads\/2021\/04\/Carousel-scroll-4-version-2-190x325.jpg 190w, https:\/\/www.pcwfrance.com\/wp-content\/uploads\/2021\/04\/Carousel-scroll-4-version-2-20x34.jpg 20w\" sizes=\"auto, (max-width: 550px) 100vw, 550px\" \/>\t\t\t\t\t\t\t\t\t\t<\/figure>\n\t\t\t\t\n\t\t\t\t\t<figure class=\"small-12 medium-3 columns\">\n\t\t\t\t\t\t\t\t\t\t<img loading=\"lazy\" decoding=\"async\" width=\"550\" height=\"942\" src=\"https:\/\/www.pcwfrance.com\/wp-content\/uploads\/2021\/04\/Carousel-scroll-3-version-2.jpg\" class=\"\" alt=\"\" srcset=\"https:\/\/www.pcwfrance.com\/wp-content\/uploads\/2021\/04\/Carousel-scroll-3-version-2.jpg 550w, https:\/\/www.pcwfrance.com\/wp-content\/uploads\/2021\/04\/Carousel-scroll-3-version-2-175x300.jpg 175w, https:\/\/www.pcwfrance.com\/wp-content\/uploads\/2021\/04\/Carousel-scroll-3-version-2-380x651.jpg 380w, https:\/\/www.pcwfrance.com\/wp-content\/uploads\/2021\/04\/Carousel-scroll-3-version-2-190x325.jpg 190w, https:\/\/www.pcwfrance.com\/wp-content\/uploads\/2021\/04\/Carousel-scroll-3-version-2-20x34.jpg 20w\" sizes=\"auto, (max-width: 550px) 100vw, 550px\" \/>\t\t\t\t\t\t\t\t\t\t<\/figure>\n\t\t\t\t\n\t\t\t\t\t<figure class=\"small-12 medium-3 columns\">\n\t\t\t\t\t\t\t\t\t\t<img loading=\"lazy\" decoding=\"async\" width=\"550\" height=\"942\" src=\"https:\/\/www.pcwfrance.com\/wp-content\/uploads\/2021\/04\/Free-scroll-2-version-2.jpg\" class=\"\" alt=\"\" srcset=\"https:\/\/www.pcwfrance.com\/wp-content\/uploads\/2021\/04\/Free-scroll-2-version-2.jpg 550w, https:\/\/www.pcwfrance.com\/wp-content\/uploads\/2021\/04\/Free-scroll-2-version-2-175x300.jpg 175w, https:\/\/www.pcwfrance.com\/wp-content\/uploads\/2021\/04\/Free-scroll-2-version-2-380x651.jpg 380w, https:\/\/www.pcwfrance.com\/wp-content\/uploads\/2021\/04\/Free-scroll-2-version-2-190x325.jpg 190w, https:\/\/www.pcwfrance.com\/wp-content\/uploads\/2021\/04\/Free-scroll-2-version-2-20x34.jpg 20w\" sizes=\"auto, (max-width: 550px) 100vw, 550px\" \/>\t\t\t\t\t\t\t\t\t\t<\/figure>\n\t\t\t\t\n\t\t\t\t\t<figure class=\"small-12 medium-3 columns\">\n\t\t\t\t\t\t\t\t\t\t<img loading=\"lazy\" decoding=\"async\" width=\"550\" height=\"942\" src=\"https:\/\/www.pcwfrance.com\/wp-content\/uploads\/2021\/04\/Carousel-scroll-1.jpg\" class=\"\" alt=\"\" srcset=\"https:\/\/www.pcwfrance.com\/wp-content\/uploads\/2021\/04\/Carousel-scroll-1.jpg 550w, https:\/\/www.pcwfrance.com\/wp-content\/uploads\/2021\/04\/Carousel-scroll-1-175x300.jpg 175w, https:\/\/www.pcwfrance.com\/wp-content\/uploads\/2021\/04\/Carousel-scroll-1-380x651.jpg 380w, https:\/\/www.pcwfrance.com\/wp-content\/uploads\/2021\/04\/Carousel-scroll-1-190x325.jpg 190w, https:\/\/www.pcwfrance.com\/wp-content\/uploads\/2021\/04\/Carousel-scroll-1-20x34.jpg 20w\" sizes=\"auto, (max-width: 550px) 100vw, 550px\" \/>\t\t\t\t\t\t\t\t\t\t<\/figure>\n\t\t\t\t\n\t\t\t\t\t<figure class=\"small-12 medium-3 columns\">\n\t\t\t\t\t\t\t\t\t\t<img loading=\"lazy\" decoding=\"async\" width=\"550\" height=\"942\" src=\"https:\/\/www.pcwfrance.com\/wp-content\/uploads\/2021\/04\/Carousel-scroll-8-copy.jpg\" class=\"\" alt=\"\" srcset=\"https:\/\/www.pcwfrance.com\/wp-content\/uploads\/2021\/04\/Carousel-scroll-8-copy.jpg 550w, https:\/\/www.pcwfrance.com\/wp-content\/uploads\/2021\/04\/Carousel-scroll-8-copy-175x300.jpg 175w, https:\/\/www.pcwfrance.com\/wp-content\/uploads\/2021\/04\/Carousel-scroll-8-copy-380x651.jpg 380w, https:\/\/www.pcwfrance.com\/wp-content\/uploads\/2021\/04\/Carousel-scroll-8-copy-190x325.jpg 190w, https:\/\/www.pcwfrance.com\/wp-content\/uploads\/2021\/04\/Carousel-scroll-8-copy-20x34.jpg 20w\" sizes=\"auto, (max-width: 550px) 100vw, 550px\" \/>\t\t\t\t\t\t\t\t\t\t<\/figure>\n\t\t\t\t\n\t\t\t\t\t<figure class=\"small-12 medium-3 columns\">\n\t\t\t\t\t\t\t\t\t\t<img loading=\"lazy\" decoding=\"async\" width=\"550\" height=\"942\" src=\"https:\/\/www.pcwfrance.com\/wp-content\/uploads\/2021\/04\/Carousel-scroll-7.jpg\" class=\"\" alt=\"\" srcset=\"https:\/\/www.pcwfrance.com\/wp-content\/uploads\/2021\/04\/Carousel-scroll-7.jpg 550w, https:\/\/www.pcwfrance.com\/wp-content\/uploads\/2021\/04\/Carousel-scroll-7-175x300.jpg 175w, https:\/\/www.pcwfrance.com\/wp-content\/uploads\/2021\/04\/Carousel-scroll-7-380x651.jpg 380w, https:\/\/www.pcwfrance.com\/wp-content\/uploads\/2021\/04\/Carousel-scroll-7-190x325.jpg 190w, https:\/\/www.pcwfrance.com\/wp-content\/uploads\/2021\/04\/Carousel-scroll-7-20x34.jpg 20w\" sizes=\"auto, (max-width: 550px) 100vw, 550px\" \/>\t\t\t\t\t\t\t\t\t\t<\/figure>\n\t\t\t\t\t<\/div>\n\t<\/div><\/div><\/div><\/div><div class=\"row wpb_row row-fluid\"><div class=\"wpb_column columns medium-12 thb-dark-column small-12\"><div class=\"vc_column-inner\"><div class=\"wpb_wrapper\"><\/div><\/div><\/div><\/div>","protected":false},"excerpt":{"rendered":"For ingredients and raw materials Find our full catalog directly on directpcw For full fragrance projects including manufacturing \u00a0Contact us For fragrance composition and creation enquiries \u00a0 \u00a0Contact us For all other topics, contact us here.","protected":false},"author":1,"featured_media":0,"parent":1142,"menu_order":0,"comment_status":"closed","ping_status":"closed","template":"","meta":{"footnotes":""},"class_list":["post-1144","page","type-page","status-publish","hentry"],"yoast_head":"<!-- This site is optimized with the Yoast SEO plugin v26.4 - https:\/\/yoast.com\/wordpress\/plugins\/seo\/ -->\n<title>Share your brief<\/title>\n<meta name=\"description\" content=\"Get in touch with PCW Grasse for any fragrance project, ingredient inquiry, or partnership. We support brands and perfumers worldwide.\" \/>\n<meta name=\"robots\" content=\"index, follow, max-snippet:-1, max-image-preview:large, max-video-preview:-1\" \/>\n<link rel=\"canonical\" href=\"https:\/\/www.pcwfrance.com\/fr\/home\/contact\/\" \/>\n<meta property=\"og:locale\" content=\"fr_FR\" \/>\n<meta property=\"og:type\" content=\"article\" \/>\n<meta property=\"og:title\" content=\"Share your brief\" \/>\n<meta property=\"og:description\" content=\"Get in touch with PCW Grasse for any fragrance project, ingredient inquiry, or partnership. We support brands and perfumers worldwide.\" \/>\n<meta property=\"og:url\" content=\"https:\/\/www.pcwfrance.com\/fr\/home\/contact\/\" \/>\n<meta property=\"og:site_name\" content=\"PCW\" \/>\n<meta property=\"article:publisher\" content=\"https:\/\/www.facebook.com\/pcwfrance\/\" \/>\n<meta property=\"article:modified_time\" content=\"2026-03-26T10:26:14+00:00\" \/>\n<meta name=\"twitter:card\" content=\"summary_large_image\" \/>\n<meta name=\"twitter:label1\" content=\"Dur\u00e9e de lecture estim\u00e9e\" \/>\n\t<meta name=\"twitter:data1\" content=\"3 minutes\" \/>\n<script type=\"application\/ld+json\" class=\"yoast-schema-graph\">{\"@context\":\"https:\/\/schema.org\",\"@graph\":[{\"@type\":\"WebPage\",\"@id\":\"https:\/\/www.pcwfrance.com\/home\/contact\/\",\"url\":\"https:\/\/www.pcwfrance.com\/home\/contact\/\",\"name\":\"Share your brief\",\"isPartOf\":{\"@id\":\"https:\/\/www.pcwfrance.com\/#website\"},\"datePublished\":\"2021-04-01T08:22:26+00:00\",\"dateModified\":\"2026-03-26T10:26:14+00:00\",\"description\":\"Get in touch with PCW Grasse for any fragrance project, ingredient inquiry, or partnership. We support brands and perfumers worldwide.\",\"breadcrumb\":{\"@id\":\"https:\/\/www.pcwfrance.com\/home\/contact\/#breadcrumb\"},\"inLanguage\":\"fr-FR\",\"potentialAction\":[{\"@type\":\"ReadAction\",\"target\":[\"https:\/\/www.pcwfrance.com\/home\/contact\/\"]}]},{\"@type\":\"BreadcrumbList\",\"@id\":\"https:\/\/www.pcwfrance.com\/home\/contact\/#breadcrumb\",\"itemListElement\":[{\"@type\":\"ListItem\",\"position\":1,\"name\":\"Home\",\"item\":\"https:\/\/www.pcwfrance.com\/\"},{\"@type\":\"ListItem\",\"position\":2,\"name\":\"Home\",\"item\":\"https:\/\/www.pcwfrance.com\/home\/\"},{\"@type\":\"ListItem\",\"position\":3,\"name\":\"Contact\"}]},{\"@type\":\"WebSite\",\"@id\":\"https:\/\/www.pcwfrance.com\/#website\",\"url\":\"https:\/\/www.pcwfrance.com\/\",\"name\":\"PCW\",\"description\":\"PCW is a French-based one-stop perfume house sourcing ingredients across the world\",\"publisher\":{\"@id\":\"https:\/\/www.pcwfrance.com\/#organization\"},\"potentialAction\":[{\"@type\":\"SearchAction\",\"target\":{\"@type\":\"EntryPoint\",\"urlTemplate\":\"https:\/\/www.pcwfrance.com\/?s={search_term_string}\"},\"query-input\":{\"@type\":\"PropertyValueSpecification\",\"valueRequired\":true,\"valueName\":\"search_term_string\"}}],\"inLanguage\":\"fr-FR\"},{\"@type\":\"Organization\",\"@id\":\"https:\/\/www.pcwfrance.com\/#organization\",\"name\":\"PCW\",\"url\":\"https:\/\/www.pcwfrance.com\/\",\"logo\":{\"@type\":\"ImageObject\",\"inLanguage\":\"fr-FR\",\"@id\":\"https:\/\/www.pcwfrance.com\/#\/schema\/logo\/image\/\",\"url\":\"https:\/\/www.pcwfrance.com\/wp-content\/uploads\/2021\/01\/New_Logo_PCW_2018-1.png\",\"contentUrl\":\"https:\/\/www.pcwfrance.com\/wp-content\/uploads\/2021\/01\/New_Logo_PCW_2018-1.png\",\"width\":799,\"height\":490,\"caption\":\"PCW\"},\"image\":{\"@id\":\"https:\/\/www.pcwfrance.com\/#\/schema\/logo\/image\/\"},\"sameAs\":[\"https:\/\/www.facebook.com\/pcwfrance\/\",\"https:\/\/www.instagram.com\/pcwfrance\/?hl=en\",\"https:\/\/www.youtube.com\/channel\/UCpl96v4TiKpaOi3FeePZ_Jw\"]}]}<\/script>\n<!-- \/ Yoast SEO plugin. -->","yoast_head_json":{"title":"Partagez-nous votre brief","description":"Get in touch with PCW Grasse for any fragrance project, ingredient inquiry, or partnership. We support brands and perfumers worldwide.","robots":{"index":"index","follow":"follow","max-snippet":"max-snippet:-1","max-image-preview":"max-image-preview:large","max-video-preview":"max-video-preview:-1"},"canonical":"https:\/\/www.pcwfrance.com\/fr\/home\/contact\/","og_locale":"fr_FR","og_type":"article","og_title":"Share your brief","og_description":"Get in touch with PCW Grasse for any fragrance project, ingredient inquiry, or partnership. We support brands and perfumers worldwide.","og_url":"https:\/\/www.pcwfrance.com\/fr\/home\/contact\/","og_site_name":"PCW","article_publisher":"https:\/\/www.facebook.com\/pcwfrance\/","article_modified_time":"2026-03-26T10:26:14+00:00","twitter_card":"summary_large_image","twitter_misc":{"Dur\u00e9e de lecture estim\u00e9e":"3 minutes"},"schema":{"@context":"https:\/\/schema.org","@graph":[{"@type":"WebPage","@id":"https:\/\/www.pcwfrance.com\/home\/contact\/","url":"https:\/\/www.pcwfrance.com\/home\/contact\/","name":"Partagez-nous votre brief","isPartOf":{"@id":"https:\/\/www.pcwfrance.com\/#website"},"datePublished":"2021-04-01T08:22:26+00:00","dateModified":"2026-03-26T10:26:14+00:00","description":"Get in touch with PCW Grasse for any fragrance project, ingredient inquiry, or partnership. We support brands and perfumers worldwide.","breadcrumb":{"@id":"https:\/\/www.pcwfrance.com\/home\/contact\/#breadcrumb"},"inLanguage":"fr-FR","potentialAction":[{"@type":"ReadAction","target":["https:\/\/www.pcwfrance.com\/home\/contact\/"]}]},{"@type":"BreadcrumbList","@id":"https:\/\/www.pcwfrance.com\/home\/contact\/#breadcrumb","itemListElement":[{"@type":"ListItem","position":1,"name":"Home","item":"https:\/\/www.pcwfrance.com\/"},{"@type":"ListItem","position":2,"name":"Home","item":"https:\/\/www.pcwfrance.com\/home\/"},{"@type":"ListItem","position":3,"name":"Contact"}]},{"@type":"WebSite","@id":"https:\/\/www.pcwfrance.com\/#website","url":"https:\/\/www.pcwfrance.com\/","name":"PCW","description":"PCW is a French-based one-stop perfume house sourcing ingredients across the world","publisher":{"@id":"https:\/\/www.pcwfrance.com\/#organization"},"potentialAction":[{"@type":"SearchAction","target":{"@type":"EntryPoint","urlTemplate":"https:\/\/www.pcwfrance.com\/?s={search_term_string}"},"query-input":{"@type":"PropertyValueSpecification","valueRequired":true,"valueName":"search_term_string"}}],"inLanguage":"fr-FR"},{"@type":"Organization","@id":"https:\/\/www.pcwfrance.com\/#organization","name":"PCW","url":"https:\/\/www.pcwfrance.com\/","logo":{"@type":"ImageObject","inLanguage":"fr-FR","@id":"https:\/\/www.pcwfrance.com\/#\/schema\/logo\/image\/","url":"https:\/\/www.pcwfrance.com\/wp-content\/uploads\/2021\/01\/New_Logo_PCW_2018-1.png","contentUrl":"https:\/\/www.pcwfrance.com\/wp-content\/uploads\/2021\/01\/New_Logo_PCW_2018-1.png","width":799,"height":490,"caption":"PCW"},"image":{"@id":"https:\/\/www.pcwfrance.com\/#\/schema\/logo\/image\/"},"sameAs":["https:\/\/www.facebook.com\/pcwfrance\/","https:\/\/www.instagram.com\/pcwfrance\/?hl=en","https:\/\/www.youtube.com\/channel\/UCpl96v4TiKpaOi3FeePZ_Jw"]}]}},"_links":{"self":[{"href":"https:\/\/www.pcwfrance.com\/fr\/wp-json\/wp\/v2\/pages\/1144","targetHints":{"allow":["GET"]}}],"collection":[{"href":"https:\/\/www.pcwfrance.com\/fr\/wp-json\/wp\/v2\/pages"}],"about":[{"href":"https:\/\/www.pcwfrance.com\/fr\/wp-json\/wp\/v2\/types\/page"}],"author":[{"embeddable":true,"href":"https:\/\/www.pcwfrance.com\/fr\/wp-json\/wp\/v2\/users\/1"}],"replies":[{"embeddable":true,"href":"https:\/\/www.pcwfrance.com\/fr\/wp-json\/wp\/v2\/comments?post=1144"}],"version-history":[{"count":6,"href":"https:\/\/www.pcwfrance.com\/fr\/wp-json\/wp\/v2\/pages\/1144\/revisions"}],"predecessor-version":[{"id":2902,"href":"https:\/\/www.pcwfrance.com\/fr\/wp-json\/wp\/v2\/pages\/1144\/revisions\/2902"}],"up":[{"embeddable":true,"href":"https:\/\/www.pcwfrance.com\/fr\/wp-json\/wp\/v2\/pages\/1142"}],"wp:attachment":[{"href":"https:\/\/www.pcwfrance.com\/fr\/wp-json\/wp\/v2\/media?parent=1144"}],"curies":[{"name":"wp","href":"https:\/\/api.w.org\/{rel}","templated":true}]}}